{"id":6910,"date":"2023-05-25T07:00:36","date_gmt":"2023-05-25T05:00:36","guid":{"rendered":"https:\/\/www.animan.com\/?post_type=product&#038;p=6910"},"modified":"2025-04-16T20:51:21","modified_gmt":"2025-04-16T18:51:21","slug":"magazine-n-235","status":"publish","type":"product","link":"https:\/\/www.animan.com\/de\/produit\/magazine-n-235\/","title":{"rendered":"Magazin nr 235"},"content":{"rendered":"","protected":false},"excerpt":{"rendered":"<p>Brechen Sie in dieser Ausgabe auf zu einer Entdeckungsreise der Wunder der Welt !<\/p>\n<p>Ausgabe 235 \u2013 Juni | Juli 2023<\/p>\n<p><strong>Inhaltsverzeichnis des Magazins :<\/strong><\/p>\n<ul>\n<li>Tessin, ein Teegarten oberhalb von Ascona<\/li>\n<li>Wallis, Zugvogelberingung<\/li>\n<li>Portofolio, die Alpen in schwarz-weiss<\/li>\n<li>Graub\u00fcnden, Silvaplana, ein Mekka f\u00fcr Kitesurfer<\/li>\n<li>Z\u00fcrich, die Stadt, wo der Honig fliesst<\/li>\n<li>Oberwallis, Belalp, ein schwindelerregender Almabtrieb<\/li>\n<\/ul>\n<p>&nbsp;<\/p>\n<p><a class=\"button\" href=\"https:\/\/issuu.com\/animan-mag\/docs\/pages_de_235_all?fr=sYTJjYTcyNDYyOTU\" target=\"_blank\" rel=\"noopener\">Auszug lesen<\/a><\/p>\n<p>&nbsp;<\/p>\n","protected":false},"featured_media":7935,"template":"","meta":{"_acf_changed":false},"product_brand":[],"product_cat":[697,59],"product_tag":[],"class_list":{"0":"post-6910","1":"product","2":"type-product","3":"status-publish","4":"has-post-thumbnail","6":"product_cat-altere-ausgaben","7":"product_cat-shop","9":"first","10":"instock","11":"shipping-taxable","12":"purchasable","13":"product-type-simple"},"acf":[],"yoast_head":"<!-- This site is optimized with the Yoast SEO plugin v26.8 - https:\/\/yoast.com\/product\/yoast-seo-wordpress\/ -->\n<title>Magazin nr 235 - Animan<\/title>\n<meta name=\"robots\" content=\"index, follow, max-snippet:-1, max-image-preview:large, max-video-preview:-1\" \/>\n<link rel=\"canonical\" href=\"https:\/\/www.animan.com\/de\/produit\/magazine-n-235\/\" \/>\n<meta property=\"og:locale\" content=\"de_DE\" \/>\n<meta property=\"og:type\" content=\"article\" \/>\n<meta property=\"og:title\" content=\"Magazin nr 235 - Animan\" \/>\n<meta property=\"og:description\" content=\"Brechen Sie in dieser Ausgabe auf zu einer Entdeckungsreise der Wunder der Welt !  Ausgabe 235 \u2013 Juni | Juli 2023  Inhaltsverzeichnis des Magazins :   Tessin, ein Teegarten oberhalb von Ascona  Wallis, Zugvogelberingung  Portofolio, die Alpen in schwarz-weiss  Graub\u00fcnden, Silvaplana, ein Mekka f\u00fcr Kitesurfer  Z\u00fcrich, die Stadt, wo der Honig fliesst  Oberwallis, Belalp, ein schwindelerregender Almabtrieb  &nbsp;  Auszug lesen  &nbsp;\" \/>\n<meta property=\"og:url\" content=\"https:\/\/www.animan.com\/de\/produit\/magazine-n-235\/\" \/>\n<meta property=\"og:site_name\" content=\"Animan\" \/>\n<meta property=\"article:publisher\" content=\"https:\/\/www.facebook.com\/magazineANIMAN\" \/>\n<meta property=\"article:modified_time\" content=\"2025-04-16T18:51:21+00:00\" \/>\n<meta property=\"og:image\" content=\"https:\/\/www.animan.com\/wp-content\/uploads\/2023\/07\/6.png\" \/>\n\t<meta property=\"og:image:width\" content=\"910\" \/>\n\t<meta property=\"og:image:height\" content=\"1120\" \/>\n\t<meta property=\"og:image:type\" content=\"image\/png\" \/>\n<meta name=\"twitter:card\" content=\"summary_large_image\" \/>\n<meta name=\"twitter:label1\" content=\"Gesch\u00e4tzte Lesezeit\" \/>\n\t<meta name=\"twitter:data1\" content=\"1\u00a0Minute\" \/>\n<script type=\"application\/ld+json\" class=\"yoast-schema-graph\">{\"@context\":\"https:\/\/schema.org\",\"@graph\":[{\"@type\":\"WebPage\",\"@id\":\"https:\/\/www.animan.com\/de\/produit\/magazine-n-235\/\",\"url\":\"https:\/\/www.animan.com\/de\/produit\/magazine-n-235\/\",\"name\":\"Magazin nr 235 - Animan\",\"isPartOf\":{\"@id\":\"https:\/\/www.animan.com\/de\/#website\"},\"primaryImageOfPage\":{\"@id\":\"https:\/\/www.animan.com\/de\/produit\/magazine-n-235\/#primaryimage\"},\"image\":{\"@id\":\"https:\/\/www.animan.com\/de\/produit\/magazine-n-235\/#primaryimage\"},\"thumbnailUrl\":\"https:\/\/www.animan.com\/wp-content\/uploads\/2023\/07\/6.png\",\"datePublished\":\"2023-05-25T05:00:36+00:00\",\"dateModified\":\"2025-04-16T18:51:21+00:00\",\"breadcrumb\":{\"@id\":\"https:\/\/www.animan.com\/de\/produit\/magazine-n-235\/#breadcrumb\"},\"inLanguage\":\"de\",\"potentialAction\":[{\"@type\":\"ReadAction\",\"target\":[\"https:\/\/www.animan.com\/de\/produit\/magazine-n-235\/\"]}]},{\"@type\":\"ImageObject\",\"inLanguage\":\"de\",\"@id\":\"https:\/\/www.animan.com\/de\/produit\/magazine-n-235\/#primaryimage\",\"url\":\"https:\/\/www.animan.com\/wp-content\/uploads\/2023\/07\/6.png\",\"contentUrl\":\"https:\/\/www.animan.com\/wp-content\/uploads\/2023\/07\/6.png\",\"width\":910,\"height\":1120},{\"@type\":\"BreadcrumbList\",\"@id\":\"https:\/\/www.animan.com\/de\/produit\/magazine-n-235\/#breadcrumb\",\"itemListElement\":[{\"@type\":\"ListItem\",\"position\":1,\"name\":\"Accueil\",\"item\":\"https:\/\/www.animan.com\/de\/\"},{\"@type\":\"ListItem\",\"position\":2,\"name\":\"Boutique\",\"item\":\"https:\/\/www.animan.com\/de\/boutique\/\"},{\"@type\":\"ListItem\",\"position\":3,\"name\":\"Magazin nr 235\"}]},{\"@type\":\"WebSite\",\"@id\":\"https:\/\/www.animan.com\/de\/#website\",\"url\":\"https:\/\/www.animan.com\/de\/\",\"name\":\"Animan\",\"description\":\"Animan, les beaut\u00e9s du mondes\",\"potentialAction\":[{\"@type\":\"SearchAction\",\"target\":{\"@type\":\"EntryPoint\",\"urlTemplate\":\"https:\/\/www.animan.com\/de\/?s={search_term_string}\"},\"query-input\":{\"@type\":\"PropertyValueSpecification\",\"valueRequired\":true,\"valueName\":\"search_term_string\"}}],\"inLanguage\":\"de\"}]}<\/script>\n<!-- \/ Yoast SEO plugin. -->","yoast_head_json":{"title":"Magazin nr 235 - Animan","robots":{"index":"index","follow":"follow","max-snippet":"max-snippet:-1","max-image-preview":"max-image-preview:large","max-video-preview":"max-video-preview:-1"},"canonical":"https:\/\/www.animan.com\/de\/produit\/magazine-n-235\/","og_locale":"de_DE","og_type":"article","og_title":"Magazin nr 235 - Animan","og_description":"Brechen Sie in dieser Ausgabe auf zu einer Entdeckungsreise der Wunder der Welt !  Ausgabe 235 \u2013 Juni | Juli 2023  Inhaltsverzeichnis des Magazins :   Tessin, ein Teegarten oberhalb von Ascona  Wallis, Zugvogelberingung  Portofolio, die Alpen in schwarz-weiss  Graub\u00fcnden, Silvaplana, ein Mekka f\u00fcr Kitesurfer  Z\u00fcrich, die Stadt, wo der Honig fliesst  Oberwallis, Belalp, ein schwindelerregender Almabtrieb  &nbsp;  Auszug lesen  &nbsp;","og_url":"https:\/\/www.animan.com\/de\/produit\/magazine-n-235\/","og_site_name":"Animan","article_publisher":"https:\/\/www.facebook.com\/magazineANIMAN","article_modified_time":"2025-04-16T18:51:21+00:00","og_image":[{"width":910,"height":1120,"url":"https:\/\/www.animan.com\/wp-content\/uploads\/2023\/07\/6.png","type":"image\/png"}],"twitter_card":"summary_large_image","twitter_misc":{"Gesch\u00e4tzte Lesezeit":"1\u00a0Minute"},"schema":{"@context":"https:\/\/schema.org","@graph":[{"@type":"WebPage","@id":"https:\/\/www.animan.com\/de\/produit\/magazine-n-235\/","url":"https:\/\/www.animan.com\/de\/produit\/magazine-n-235\/","name":"Magazin nr 235 - Animan","isPartOf":{"@id":"https:\/\/www.animan.com\/de\/#website"},"primaryImageOfPage":{"@id":"https:\/\/www.animan.com\/de\/produit\/magazine-n-235\/#primaryimage"},"image":{"@id":"https:\/\/www.animan.com\/de\/produit\/magazine-n-235\/#primaryimage"},"thumbnailUrl":"https:\/\/www.animan.com\/wp-content\/uploads\/2023\/07\/6.png","datePublished":"2023-05-25T05:00:36+00:00","dateModified":"2025-04-16T18:51:21+00:00","breadcrumb":{"@id":"https:\/\/www.animan.com\/de\/produit\/magazine-n-235\/#breadcrumb"},"inLanguage":"de","potentialAction":[{"@type":"ReadAction","target":["https:\/\/www.animan.com\/de\/produit\/magazine-n-235\/"]}]},{"@type":"ImageObject","inLanguage":"de","@id":"https:\/\/www.animan.com\/de\/produit\/magazine-n-235\/#primaryimage","url":"https:\/\/www.animan.com\/wp-content\/uploads\/2023\/07\/6.png","contentUrl":"https:\/\/www.animan.com\/wp-content\/uploads\/2023\/07\/6.png","width":910,"height":1120},{"@type":"BreadcrumbList","@id":"https:\/\/www.animan.com\/de\/produit\/magazine-n-235\/#breadcrumb","itemListElement":[{"@type":"ListItem","position":1,"name":"Accueil","item":"https:\/\/www.animan.com\/de\/"},{"@type":"ListItem","position":2,"name":"Boutique","item":"https:\/\/www.animan.com\/de\/boutique\/"},{"@type":"ListItem","position":3,"name":"Magazin nr 235"}]},{"@type":"WebSite","@id":"https:\/\/www.animan.com\/de\/#website","url":"https:\/\/www.animan.com\/de\/","name":"Animan","description":"Animan, les beaut\u00e9s du mondes","potentialAction":[{"@type":"SearchAction","target":{"@type":"EntryPoint","urlTemplate":"https:\/\/www.animan.com\/de\/?s={search_term_string}"},"query-input":{"@type":"PropertyValueSpecification","valueRequired":true,"valueName":"search_term_string"}}],"inLanguage":"de"}]}},"_links":{"self":[{"href":"https:\/\/www.animan.com\/de\/wp-json\/wp\/v2\/product\/6910","targetHints":{"allow":["GET"]}}],"collection":[{"href":"https:\/\/www.animan.com\/de\/wp-json\/wp\/v2\/product"}],"about":[{"href":"https:\/\/www.animan.com\/de\/wp-json\/wp\/v2\/types\/product"}],"wp:featuredmedia":[{"embeddable":true,"href":"https:\/\/www.animan.com\/de\/wp-json\/wp\/v2\/media\/7935"}],"wp:attachment":[{"href":"https:\/\/www.animan.com\/de\/wp-json\/wp\/v2\/media?parent=6910"}],"wp:term":[{"taxonomy":"product_brand","embeddable":true,"href":"https:\/\/www.animan.com\/de\/wp-json\/wp\/v2\/product_brand?post=6910"},{"taxonomy":"product_cat","embeddable":true,"href":"https:\/\/www.animan.com\/de\/wp-json\/wp\/v2\/product_cat?post=6910"},{"taxonomy":"product_tag","embeddable":true,"href":"https:\/\/www.animan.com\/de\/wp-json\/wp\/v2\/product_tag?post=6910"}],"curies":[{"name":"wp","href":"https:\/\/api.w.org\/{rel}","templated":true}]}}