{"id":11382,"date":"2025-01-30T16:47:51","date_gmt":"2025-01-30T15:47:51","guid":{"rendered":"https:\/\/www.animan.com\/?post_type=product&#038;p=11382"},"modified":"2025-09-30T09:08:53","modified_gmt":"2025-09-30T07:08:53","slug":"magazin-nr-245","status":"publish","type":"product","link":"https:\/\/www.animan.com\/de\/produit\/magazin-nr-245\/","title":{"rendered":"Magazin NR 245"},"content":{"rendered":"","protected":false},"excerpt":{"rendered":"<p>Brechen Sie in dieser Ausgabe auf zu einer Entdeckungsreise der Wunder der Welt !<\/p>\n<p>Ausgabe 245 \u2013 Februar | M\u00e4rz 2025<\/p>\n<p><strong>Inhaltsverzeichnis des Magazins :<\/strong><\/p>\n<ul>\n<li class=\"p1\">China, Harbin, die Stadt aus Eis<\/li>\n<li class=\"p1\">Ghana, Hoffen auf die Meeresg\u00f6ttin<\/li>\n<li class=\"p1\">Portfolio, Wildlife photographer of the year<\/li>\n<li class=\"p1\">Mexico, der gef\u00e4hrlichste Karneval der Welt<\/li>\n<li class=\"p1\">S\u00fcdafrika, Zeitreise mit Rovos Rail<\/li>\n<li class=\"p1\">Vereinigte Arabische Emirate,\u00a0Im K\u00f6nigreich der Falken<\/li>\n<\/ul>\n<p>&nbsp;<\/p>\n<p><a class=\"button\" href=\"https:\/\/issuu.com\/animan-mag\/docs\/animan_245_allemand_extraits_issuu?fr=sY2IyNjcyNDYyOTU\" target=\"_blank\" rel=\"noopener\">Auszug lesen<\/a><\/p>\n<p>&nbsp;<\/p>\n","protected":false},"featured_media":11385,"template":"","meta":{"_acf_changed":false},"product_brand":[],"product_cat":[697,59],"product_tag":[],"class_list":{"0":"post-11382","1":"product","2":"type-product","3":"status-publish","4":"has-post-thumbnail","6":"product_cat-altere-ausgaben","7":"product_cat-shop","9":"first","10":"instock","11":"shipping-taxable","12":"purchasable","13":"product-type-simple"},"acf":[],"yoast_head":"<!-- This site is optimized with the Yoast SEO plugin v26.8 - https:\/\/yoast.com\/product\/yoast-seo-wordpress\/ -->\n<title>Magazin NR 245 - Animan<\/title>\n<meta name=\"robots\" content=\"index, follow, max-snippet:-1, max-image-preview:large, max-video-preview:-1\" \/>\n<link rel=\"canonical\" href=\"https:\/\/www.animan.com\/de\/produit\/magazin-nr-245\/\" \/>\n<meta property=\"og:locale\" content=\"de_DE\" \/>\n<meta property=\"og:type\" content=\"article\" \/>\n<meta property=\"og:title\" content=\"Magazin NR 245 - Animan\" \/>\n<meta property=\"og:description\" content=\"Brechen Sie in dieser Ausgabe auf zu einer Entdeckungsreise der Wunder der Welt !  Ausgabe 245 \u2013 Februar | M\u00e4rz 2025  Inhaltsverzeichnis des Magazins :   China, Harbin, die Stadt aus Eis  Ghana, Hoffen auf die Meeresg\u00f6ttin  Portfolio, Wildlife photographer of the year  Mexico, der gef\u00e4hrlichste Karneval der Welt  S\u00fcdafrika, Zeitreise mit Rovos Rail  Vereinigte Arabische Emirate,\u00a0Im K\u00f6nigreich der Falken  &nbsp;  Auszug lesen  &nbsp;\" \/>\n<meta property=\"og:url\" content=\"https:\/\/www.animan.com\/de\/produit\/magazin-nr-245\/\" \/>\n<meta property=\"og:site_name\" content=\"Animan\" \/>\n<meta property=\"article:publisher\" content=\"https:\/\/www.facebook.com\/magazineANIMAN\" \/>\n<meta property=\"article:modified_time\" content=\"2025-09-30T07:08:53+00:00\" \/>\n<meta property=\"og:image\" content=\"https:\/\/www.animan.com\/wp-content\/uploads\/2025\/01\/Image-produit-n\u00b0245-DE-600x738-1.jpg\" \/>\n\t<meta property=\"og:image:width\" content=\"600\" \/>\n\t<meta property=\"og:image:height\" content=\"738\" \/>\n\t<meta property=\"og:image:type\" content=\"image\/jpeg\" \/>\n<meta name=\"twitter:card\" content=\"summary_large_image\" \/>\n<meta name=\"twitter:label1\" content=\"Gesch\u00e4tzte Lesezeit\" \/>\n\t<meta name=\"twitter:data1\" content=\"1\u00a0Minute\" \/>\n<script type=\"application\/ld+json\" class=\"yoast-schema-graph\">{\"@context\":\"https:\/\/schema.org\",\"@graph\":[{\"@type\":\"WebPage\",\"@id\":\"https:\/\/www.animan.com\/de\/produit\/magazin-nr-245\/\",\"url\":\"https:\/\/www.animan.com\/de\/produit\/magazin-nr-245\/\",\"name\":\"Magazin NR 245 - Animan\",\"isPartOf\":{\"@id\":\"https:\/\/www.animan.com\/de\/#website\"},\"primaryImageOfPage\":{\"@id\":\"https:\/\/www.animan.com\/de\/produit\/magazin-nr-245\/#primaryimage\"},\"image\":{\"@id\":\"https:\/\/www.animan.com\/de\/produit\/magazin-nr-245\/#primaryimage\"},\"thumbnailUrl\":\"https:\/\/www.animan.com\/wp-content\/uploads\/2025\/01\/Image-produit-n\u00b0245-DE-600x738-1.jpg\",\"datePublished\":\"2025-01-30T15:47:51+00:00\",\"dateModified\":\"2025-09-30T07:08:53+00:00\",\"breadcrumb\":{\"@id\":\"https:\/\/www.animan.com\/de\/produit\/magazin-nr-245\/#breadcrumb\"},\"inLanguage\":\"de\",\"potentialAction\":[{\"@type\":\"ReadAction\",\"target\":[\"https:\/\/www.animan.com\/de\/produit\/magazin-nr-245\/\"]}]},{\"@type\":\"ImageObject\",\"inLanguage\":\"de\",\"@id\":\"https:\/\/www.animan.com\/de\/produit\/magazin-nr-245\/#primaryimage\",\"url\":\"https:\/\/www.animan.com\/wp-content\/uploads\/2025\/01\/Image-produit-n\u00b0245-DE-600x738-1.jpg\",\"contentUrl\":\"https:\/\/www.animan.com\/wp-content\/uploads\/2025\/01\/Image-produit-n\u00b0245-DE-600x738-1.jpg\",\"width\":600,\"height\":738},{\"@type\":\"BreadcrumbList\",\"@id\":\"https:\/\/www.animan.com\/de\/produit\/magazin-nr-245\/#breadcrumb\",\"itemListElement\":[{\"@type\":\"ListItem\",\"position\":1,\"name\":\"Accueil\",\"item\":\"https:\/\/www.animan.com\/de\/\"},{\"@type\":\"ListItem\",\"position\":2,\"name\":\"Boutique\",\"item\":\"https:\/\/www.animan.com\/de\/boutique\/\"},{\"@type\":\"ListItem\",\"position\":3,\"name\":\"Magazin NR 245\"}]},{\"@type\":\"WebSite\",\"@id\":\"https:\/\/www.animan.com\/de\/#website\",\"url\":\"https:\/\/www.animan.com\/de\/\",\"name\":\"Animan\",\"description\":\"Animan, les beaut\u00e9s du mondes\",\"potentialAction\":[{\"@type\":\"SearchAction\",\"target\":{\"@type\":\"EntryPoint\",\"urlTemplate\":\"https:\/\/www.animan.com\/de\/?s={search_term_string}\"},\"query-input\":{\"@type\":\"PropertyValueSpecification\",\"valueRequired\":true,\"valueName\":\"search_term_string\"}}],\"inLanguage\":\"de\"}]}<\/script>\n<!-- \/ Yoast SEO plugin. -->","yoast_head_json":{"title":"Magazin NR 245 - Animan","robots":{"index":"index","follow":"follow","max-snippet":"max-snippet:-1","max-image-preview":"max-image-preview:large","max-video-preview":"max-video-preview:-1"},"canonical":"https:\/\/www.animan.com\/de\/produit\/magazin-nr-245\/","og_locale":"de_DE","og_type":"article","og_title":"Magazin NR 245 - Animan","og_description":"Brechen Sie in dieser Ausgabe auf zu einer Entdeckungsreise der Wunder der Welt !  Ausgabe 245 \u2013 Februar | M\u00e4rz 2025  Inhaltsverzeichnis des Magazins :   China, Harbin, die Stadt aus Eis  Ghana, Hoffen auf die Meeresg\u00f6ttin  Portfolio, Wildlife photographer of the year  Mexico, der gef\u00e4hrlichste Karneval der Welt  S\u00fcdafrika, Zeitreise mit Rovos Rail  Vereinigte Arabische Emirate,\u00a0Im K\u00f6nigreich der Falken  &nbsp;  Auszug lesen  &nbsp;","og_url":"https:\/\/www.animan.com\/de\/produit\/magazin-nr-245\/","og_site_name":"Animan","article_publisher":"https:\/\/www.facebook.com\/magazineANIMAN","article_modified_time":"2025-09-30T07:08:53+00:00","og_image":[{"width":600,"height":738,"url":"https:\/\/www.animan.com\/wp-content\/uploads\/2025\/01\/Image-produit-n\u00b0245-DE-600x738-1.jpg","type":"image\/jpeg"}],"twitter_card":"summary_large_image","twitter_misc":{"Gesch\u00e4tzte Lesezeit":"1\u00a0Minute"},"schema":{"@context":"https:\/\/schema.org","@graph":[{"@type":"WebPage","@id":"https:\/\/www.animan.com\/de\/produit\/magazin-nr-245\/","url":"https:\/\/www.animan.com\/de\/produit\/magazin-nr-245\/","name":"Magazin NR 245 - Animan","isPartOf":{"@id":"https:\/\/www.animan.com\/de\/#website"},"primaryImageOfPage":{"@id":"https:\/\/www.animan.com\/de\/produit\/magazin-nr-245\/#primaryimage"},"image":{"@id":"https:\/\/www.animan.com\/de\/produit\/magazin-nr-245\/#primaryimage"},"thumbnailUrl":"https:\/\/www.animan.com\/wp-content\/uploads\/2025\/01\/Image-produit-n\u00b0245-DE-600x738-1.jpg","datePublished":"2025-01-30T15:47:51+00:00","dateModified":"2025-09-30T07:08:53+00:00","breadcrumb":{"@id":"https:\/\/www.animan.com\/de\/produit\/magazin-nr-245\/#breadcrumb"},"inLanguage":"de","potentialAction":[{"@type":"ReadAction","target":["https:\/\/www.animan.com\/de\/produit\/magazin-nr-245\/"]}]},{"@type":"ImageObject","inLanguage":"de","@id":"https:\/\/www.animan.com\/de\/produit\/magazin-nr-245\/#primaryimage","url":"https:\/\/www.animan.com\/wp-content\/uploads\/2025\/01\/Image-produit-n\u00b0245-DE-600x738-1.jpg","contentUrl":"https:\/\/www.animan.com\/wp-content\/uploads\/2025\/01\/Image-produit-n\u00b0245-DE-600x738-1.jpg","width":600,"height":738},{"@type":"BreadcrumbList","@id":"https:\/\/www.animan.com\/de\/produit\/magazin-nr-245\/#breadcrumb","itemListElement":[{"@type":"ListItem","position":1,"name":"Accueil","item":"https:\/\/www.animan.com\/de\/"},{"@type":"ListItem","position":2,"name":"Boutique","item":"https:\/\/www.animan.com\/de\/boutique\/"},{"@type":"ListItem","position":3,"name":"Magazin NR 245"}]},{"@type":"WebSite","@id":"https:\/\/www.animan.com\/de\/#website","url":"https:\/\/www.animan.com\/de\/","name":"Animan","description":"Animan, les beaut\u00e9s du mondes","potentialAction":[{"@type":"SearchAction","target":{"@type":"EntryPoint","urlTemplate":"https:\/\/www.animan.com\/de\/?s={search_term_string}"},"query-input":{"@type":"PropertyValueSpecification","valueRequired":true,"valueName":"search_term_string"}}],"inLanguage":"de"}]}},"_links":{"self":[{"href":"https:\/\/www.animan.com\/de\/wp-json\/wp\/v2\/product\/11382","targetHints":{"allow":["GET"]}}],"collection":[{"href":"https:\/\/www.animan.com\/de\/wp-json\/wp\/v2\/product"}],"about":[{"href":"https:\/\/www.animan.com\/de\/wp-json\/wp\/v2\/types\/product"}],"wp:featuredmedia":[{"embeddable":true,"href":"https:\/\/www.animan.com\/de\/wp-json\/wp\/v2\/media\/11385"}],"wp:attachment":[{"href":"https:\/\/www.animan.com\/de\/wp-json\/wp\/v2\/media?parent=11382"}],"wp:term":[{"taxonomy":"product_brand","embeddable":true,"href":"https:\/\/www.animan.com\/de\/wp-json\/wp\/v2\/product_brand?post=11382"},{"taxonomy":"product_cat","embeddable":true,"href":"https:\/\/www.animan.com\/de\/wp-json\/wp\/v2\/product_cat?post=11382"},{"taxonomy":"product_tag","embeddable":true,"href":"https:\/\/www.animan.com\/de\/wp-json\/wp\/v2\/product_tag?post=11382"}],"curies":[{"name":"wp","href":"https:\/\/api.w.org\/{rel}","templated":true}]}}