{"id":10515,"date":"2023-12-29T12:53:37","date_gmt":"2023-12-29T11:53:37","guid":{"rendered":"https:\/\/www.animan.com\/produit\/reliure-animan\/"},"modified":"2024-10-21T20:24:13","modified_gmt":"2024-10-21T18:24:13","slug":"reliure-animan","status":"publish","type":"product","link":"https:\/\/www.animan.com\/de\/produit\/reliure-animan\/","title":{"rendered":"Animan-Sammelschuber"},"content":{"rendered":"","protected":false},"excerpt":{"rendered":"<p><strong>Mit unserem eleganten Sammelschuber k\u00f6nnen Sie Ihre Lieblingsmagazine geordnet und gesch\u00fctzt aufbewahren.<\/strong><\/p>\n<p><strong>Immer gut sortiert: <\/strong>Dieser Sammelschuber ist speziell f\u00fcr die Aufbewahrung von bis zu 12 Heften konzipiert. Eine praktische und optisch ansprechende L\u00f6sung f\u00fcr Ihre Animan-Sammlung.<\/p>\n<p><strong>Optimal gesch\u00fctzt:<\/strong>\u00a0Unser Sammelschuber sch\u00fctzt Ihre Magazine optimal vor Staub, Licht und anderen m\u00f6glichen Besch\u00e4digungen.<\/p>\n<p><strong>Elegantes Design:<\/strong> Sein Design hebt Ihre Animan-Sammlung besonders \u00e4sthetisch hervor und bietet gleichzeitig Schutz.<\/p>\n<p><strong>Solide Verarbeitung:<\/strong>\u00a0An unserem Sammelschuber werden Sie lange Freude haben. Er besteht aus hochwertigen Materialien und ist auf Langlebigkeit ausgelegt.<\/p>\n","protected":false},"featured_media":8818,"template":"","meta":{"_acf_changed":false},"product_brand":[],"product_cat":[1556,59],"product_tag":[],"class_list":{"0":"post-10515","1":"product","2":"type-product","3":"status-publish","4":"has-post-thumbnail","6":"product_cat-herzschlag","7":"product_cat-shop","8":"product_shipping_class-lieferungsplan","10":"first","11":"instock","12":"shipping-taxable","13":"purchasable","14":"product-type-simple"},"acf":[],"yoast_head":"<!-- This site is optimized with the Yoast SEO plugin v27.5 - https:\/\/yoast.com\/product\/yoast-seo-wordpress\/ -->\n<title>Animan-Sammelschuber - Animan<\/title>\n<meta name=\"robots\" content=\"index, follow, max-snippet:-1, max-image-preview:large, max-video-preview:-1\" \/>\n<link rel=\"canonical\" href=\"https:\/\/www.animan.com\/de\/produit\/reliure-animan\/\" \/>\n<meta property=\"og:locale\" content=\"de_DE\" \/>\n<meta property=\"og:type\" content=\"article\" \/>\n<meta property=\"og:title\" content=\"Animan-Sammelschuber - Animan\" \/>\n<meta property=\"og:description\" content=\"Mit unserem eleganten Sammelschuber k\u00f6nnen Sie Ihre Lieblingsmagazine geordnet und gesch\u00fctzt aufbewahren.  Immer gut sortiert: Dieser Sammelschuber ist speziell f\u00fcr die Aufbewahrung von bis zu 12 Heften konzipiert. Eine praktische und optisch ansprechende L\u00f6sung f\u00fcr Ihre Animan-Sammlung.  Optimal gesch\u00fctzt:\u00a0Unser Sammelschuber sch\u00fctzt Ihre Magazine optimal vor Staub, Licht und anderen m\u00f6glichen Besch\u00e4digungen.  Elegantes Design: Sein Design hebt Ihre Animan-Sammlung besonders \u00e4sthetisch hervor und bietet gleichzeitig Schutz.  Solide Verarbeitung:\u00a0An unserem Sammelschuber werden Sie lange Freude haben. Er besteht aus hochwertigen Materialien und ist auf Langlebigkeit ausgelegt.\" \/>\n<meta property=\"og:url\" content=\"https:\/\/www.animan.com\/de\/produit\/reliure-animan\/\" \/>\n<meta property=\"og:site_name\" content=\"Animan\" \/>\n<meta property=\"article:publisher\" content=\"https:\/\/www.facebook.com\/magazineANIMAN\" \/>\n<meta property=\"article:modified_time\" content=\"2024-10-21T18:24:13+00:00\" \/>\n<meta property=\"og:image\" content=\"https:\/\/www.animan.com\/wp-content\/uploads\/2023\/12\/Reliure-Animan.png\" \/>\n\t<meta property=\"og:image:width\" content=\"910\" \/>\n\t<meta property=\"og:image:height\" content=\"1120\" \/>\n\t<meta property=\"og:image:type\" content=\"image\/png\" \/>\n<meta name=\"twitter:card\" content=\"summary_large_image\" \/>\n<meta name=\"twitter:label1\" content=\"Gesch\u00e4tzte Lesezeit\" \/>\n\t<meta name=\"twitter:data1\" content=\"1\u00a0Minute\" \/>\n<script type=\"application\/ld+json\" class=\"yoast-schema-graph\">{\"@context\":\"https:\\\/\\\/schema.org\",\"@graph\":[{\"@type\":\"WebPage\",\"@id\":\"https:\\\/\\\/www.animan.com\\\/de\\\/produit\\\/reliure-animan\\\/\",\"url\":\"https:\\\/\\\/www.animan.com\\\/de\\\/produit\\\/reliure-animan\\\/\",\"name\":\"Animan-Sammelschuber - Animan\",\"isPartOf\":{\"@id\":\"https:\\\/\\\/www.animan.com\\\/de\\\/#website\"},\"primaryImageOfPage\":{\"@id\":\"https:\\\/\\\/www.animan.com\\\/de\\\/produit\\\/reliure-animan\\\/#primaryimage\"},\"image\":{\"@id\":\"https:\\\/\\\/www.animan.com\\\/de\\\/produit\\\/reliure-animan\\\/#primaryimage\"},\"thumbnailUrl\":\"https:\\\/\\\/www.animan.com\\\/wp-content\\\/uploads\\\/2023\\\/12\\\/Reliure-Animan.png\",\"datePublished\":\"2023-12-29T11:53:37+00:00\",\"dateModified\":\"2024-10-21T18:24:13+00:00\",\"breadcrumb\":{\"@id\":\"https:\\\/\\\/www.animan.com\\\/de\\\/produit\\\/reliure-animan\\\/#breadcrumb\"},\"inLanguage\":\"de\",\"potentialAction\":[{\"@type\":\"ReadAction\",\"target\":[\"https:\\\/\\\/www.animan.com\\\/de\\\/produit\\\/reliure-animan\\\/\"]}]},{\"@type\":\"ImageObject\",\"inLanguage\":\"de\",\"@id\":\"https:\\\/\\\/www.animan.com\\\/de\\\/produit\\\/reliure-animan\\\/#primaryimage\",\"url\":\"https:\\\/\\\/www.animan.com\\\/wp-content\\\/uploads\\\/2023\\\/12\\\/Reliure-Animan.png\",\"contentUrl\":\"https:\\\/\\\/www.animan.com\\\/wp-content\\\/uploads\\\/2023\\\/12\\\/Reliure-Animan.png\",\"width\":910,\"height\":1120},{\"@type\":\"BreadcrumbList\",\"@id\":\"https:\\\/\\\/www.animan.com\\\/de\\\/produit\\\/reliure-animan\\\/#breadcrumb\",\"itemListElement\":[{\"@type\":\"ListItem\",\"position\":1,\"name\":\"Accueil\",\"item\":\"https:\\\/\\\/www.animan.com\\\/de\\\/\"},{\"@type\":\"ListItem\",\"position\":2,\"name\":\"Boutique\",\"item\":\"https:\\\/\\\/www.animan.com\\\/de\\\/boutique\\\/\"},{\"@type\":\"ListItem\",\"position\":3,\"name\":\"Animan-Sammelschuber\"}]},{\"@type\":\"WebSite\",\"@id\":\"https:\\\/\\\/www.animan.com\\\/de\\\/#website\",\"url\":\"https:\\\/\\\/www.animan.com\\\/de\\\/\",\"name\":\"Animan\",\"description\":\"r\u00e9ver voyager pr\u00e9server\",\"potentialAction\":[{\"@type\":\"SearchAction\",\"target\":{\"@type\":\"EntryPoint\",\"urlTemplate\":\"https:\\\/\\\/www.animan.com\\\/de\\\/?s={search_term_string}\"},\"query-input\":{\"@type\":\"PropertyValueSpecification\",\"valueRequired\":true,\"valueName\":\"search_term_string\"}}],\"inLanguage\":\"de\"}]}<\/script>\n<!-- \/ Yoast SEO plugin. -->","yoast_head_json":{"title":"Animan-Sammelschuber - Animan","robots":{"index":"index","follow":"follow","max-snippet":"max-snippet:-1","max-image-preview":"max-image-preview:large","max-video-preview":"max-video-preview:-1"},"canonical":"https:\/\/www.animan.com\/de\/produit\/reliure-animan\/","og_locale":"de_DE","og_type":"article","og_title":"Animan-Sammelschuber - Animan","og_description":"Mit unserem eleganten Sammelschuber k\u00f6nnen Sie Ihre Lieblingsmagazine geordnet und gesch\u00fctzt aufbewahren.  Immer gut sortiert: Dieser Sammelschuber ist speziell f\u00fcr die Aufbewahrung von bis zu 12 Heften konzipiert. Eine praktische und optisch ansprechende L\u00f6sung f\u00fcr Ihre Animan-Sammlung.  Optimal gesch\u00fctzt:\u00a0Unser Sammelschuber sch\u00fctzt Ihre Magazine optimal vor Staub, Licht und anderen m\u00f6glichen Besch\u00e4digungen.  Elegantes Design: Sein Design hebt Ihre Animan-Sammlung besonders \u00e4sthetisch hervor und bietet gleichzeitig Schutz.  Solide Verarbeitung:\u00a0An unserem Sammelschuber werden Sie lange Freude haben. Er besteht aus hochwertigen Materialien und ist auf Langlebigkeit ausgelegt.","og_url":"https:\/\/www.animan.com\/de\/produit\/reliure-animan\/","og_site_name":"Animan","article_publisher":"https:\/\/www.facebook.com\/magazineANIMAN","article_modified_time":"2024-10-21T18:24:13+00:00","og_image":[{"width":910,"height":1120,"url":"https:\/\/www.animan.com\/wp-content\/uploads\/2023\/12\/Reliure-Animan.png","type":"image\/png"}],"twitter_card":"summary_large_image","twitter_misc":{"Gesch\u00e4tzte Lesezeit":"1\u00a0Minute"},"schema":{"@context":"https:\/\/schema.org","@graph":[{"@type":"WebPage","@id":"https:\/\/www.animan.com\/de\/produit\/reliure-animan\/","url":"https:\/\/www.animan.com\/de\/produit\/reliure-animan\/","name":"Animan-Sammelschuber - Animan","isPartOf":{"@id":"https:\/\/www.animan.com\/de\/#website"},"primaryImageOfPage":{"@id":"https:\/\/www.animan.com\/de\/produit\/reliure-animan\/#primaryimage"},"image":{"@id":"https:\/\/www.animan.com\/de\/produit\/reliure-animan\/#primaryimage"},"thumbnailUrl":"https:\/\/www.animan.com\/wp-content\/uploads\/2023\/12\/Reliure-Animan.png","datePublished":"2023-12-29T11:53:37+00:00","dateModified":"2024-10-21T18:24:13+00:00","breadcrumb":{"@id":"https:\/\/www.animan.com\/de\/produit\/reliure-animan\/#breadcrumb"},"inLanguage":"de","potentialAction":[{"@type":"ReadAction","target":["https:\/\/www.animan.com\/de\/produit\/reliure-animan\/"]}]},{"@type":"ImageObject","inLanguage":"de","@id":"https:\/\/www.animan.com\/de\/produit\/reliure-animan\/#primaryimage","url":"https:\/\/www.animan.com\/wp-content\/uploads\/2023\/12\/Reliure-Animan.png","contentUrl":"https:\/\/www.animan.com\/wp-content\/uploads\/2023\/12\/Reliure-Animan.png","width":910,"height":1120},{"@type":"BreadcrumbList","@id":"https:\/\/www.animan.com\/de\/produit\/reliure-animan\/#breadcrumb","itemListElement":[{"@type":"ListItem","position":1,"name":"Accueil","item":"https:\/\/www.animan.com\/de\/"},{"@type":"ListItem","position":2,"name":"Boutique","item":"https:\/\/www.animan.com\/de\/boutique\/"},{"@type":"ListItem","position":3,"name":"Animan-Sammelschuber"}]},{"@type":"WebSite","@id":"https:\/\/www.animan.com\/de\/#website","url":"https:\/\/www.animan.com\/de\/","name":"Animan","description":"r\u00e9ver voyager pr\u00e9server","potentialAction":[{"@type":"SearchAction","target":{"@type":"EntryPoint","urlTemplate":"https:\/\/www.animan.com\/de\/?s={search_term_string}"},"query-input":{"@type":"PropertyValueSpecification","valueRequired":true,"valueName":"search_term_string"}}],"inLanguage":"de"}]}},"_links":{"self":[{"href":"https:\/\/www.animan.com\/de\/wp-json\/wp\/v2\/product\/10515","targetHints":{"allow":["GET"]}}],"collection":[{"href":"https:\/\/www.animan.com\/de\/wp-json\/wp\/v2\/product"}],"about":[{"href":"https:\/\/www.animan.com\/de\/wp-json\/wp\/v2\/types\/product"}],"wp:featuredmedia":[{"embeddable":true,"href":"https:\/\/www.animan.com\/de\/wp-json\/wp\/v2\/media\/8818"}],"wp:attachment":[{"href":"https:\/\/www.animan.com\/de\/wp-json\/wp\/v2\/media?parent=10515"}],"wp:term":[{"taxonomy":"product_brand","embeddable":true,"href":"https:\/\/www.animan.com\/de\/wp-json\/wp\/v2\/product_brand?post=10515"},{"taxonomy":"product_cat","embeddable":true,"href":"https:\/\/www.animan.com\/de\/wp-json\/wp\/v2\/product_cat?post=10515"},{"taxonomy":"product_tag","embeddable":true,"href":"https:\/\/www.animan.com\/de\/wp-json\/wp\/v2\/product_tag?post=10515"}],"curies":[{"name":"wp","href":"https:\/\/api.w.org\/{rel}","templated":true}]}}