{"id":10290,"date":"2024-07-25T07:00:17","date_gmt":"2024-07-25T05:00:17","guid":{"rendered":"https:\/\/www.animan.com\/?post_type=product&#038;p=10290"},"modified":"2024-07-23T15:35:56","modified_gmt":"2024-07-23T13:35:56","slug":"magazine-n-242","status":"publish","type":"product","link":"https:\/\/www.animan.com\/de\/produit\/magazine-n-242\/","title":{"rendered":"Magazin NR 242"},"content":{"rendered":"","protected":false},"excerpt":{"rendered":"<p>Brechen Sie in dieser Ausgabe auf zu einer Entdeckungsreise der Wunder der Welt !<\/p>\n<p>Ausgabe 242 \u2013 August | September 2024<\/p>\n<p><strong>Inhaltsverzeichnis des Magazins :<\/strong><\/p>\n<ul>\n<li class=\"p1\">Bangladesch, die letzten Wanderzirkusse<\/li>\n<li class=\"p1\">Die F\u00e4r\u00f6er, eine Inselgruppe der Extreme<\/li>\n<li class=\"p1\">Portfolio, M\u00e4rchenhafte Milchstrasse<\/li>\n<li class=\"p1\">Demokratische Republik Kongo, Odysee auf dem Wasser<\/li>\n<li class=\"p1\">Italien, der Palio, ein Mekka fu\u0308r sardische Jockeys<\/li>\n<li class=\"p1\">Schweiz, Samuel Bitton, der Fotoku\u0308nstler<\/li>\n<\/ul>\n<p>&nbsp;<\/p>\n<p><a class=\"button\" href=\"https:\/\/issuu.com\/animan-mag\/docs\/animan_242_all_extraits?fr=sNzdhMTcyNDYyOTU\" target=\"_blank\" rel=\"noopener\">Auszug lesen<\/a><\/p>\n<p>&nbsp;<\/p>\n","protected":false},"featured_media":10289,"template":"","meta":{"_acf_changed":false},"product_brand":[],"product_cat":[697,59],"product_tag":[],"class_list":{"0":"post-10290","1":"product","2":"type-product","3":"status-publish","4":"has-post-thumbnail","6":"product_cat-altere-ausgaben","7":"product_cat-shop","9":"first","10":"instock","11":"shipping-taxable","12":"purchasable","13":"product-type-simple"},"acf":[],"yoast_head":"<!-- This site is optimized with the Yoast SEO plugin v26.8 - https:\/\/yoast.com\/product\/yoast-seo-wordpress\/ -->\n<title>Magazin NR 242 - Animan<\/title>\n<meta name=\"robots\" content=\"index, follow, max-snippet:-1, max-image-preview:large, max-video-preview:-1\" \/>\n<link rel=\"canonical\" href=\"https:\/\/www.animan.com\/de\/produit\/magazine-n-242\/\" \/>\n<meta property=\"og:locale\" content=\"de_DE\" \/>\n<meta property=\"og:type\" content=\"article\" \/>\n<meta property=\"og:title\" content=\"Magazin NR 242 - Animan\" \/>\n<meta property=\"og:description\" content=\"Brechen Sie in dieser Ausgabe auf zu einer Entdeckungsreise der Wunder der Welt !  Ausgabe 242 \u2013 August | September 2024  Inhaltsverzeichnis des Magazins :   Bangladesch, die letzten Wanderzirkusse  Die F\u00e4r\u00f6er, eine Inselgruppe der Extreme  Portfolio, M\u00e4rchenhafte Milchstrasse  Demokratische Republik Kongo, Odysee auf dem Wasser  Italien, der Palio, ein Mekka fu\u0308r sardische Jockeys  Schweiz, Samuel Bitton, der Fotoku\u0308nstler  &nbsp;  Auszug lesen  &nbsp;\" \/>\n<meta property=\"og:url\" content=\"https:\/\/www.animan.com\/de\/produit\/magazine-n-242\/\" \/>\n<meta property=\"og:site_name\" content=\"Animan\" \/>\n<meta property=\"article:publisher\" content=\"https:\/\/www.facebook.com\/magazineANIMAN\" \/>\n<meta property=\"og:image\" content=\"https:\/\/www.animan.com\/wp-content\/uploads\/2024\/07\/Design-sans-titre.png\" \/>\n\t<meta property=\"og:image:width\" content=\"910\" \/>\n\t<meta property=\"og:image:height\" content=\"1120\" \/>\n\t<meta property=\"og:image:type\" content=\"image\/png\" \/>\n<meta name=\"twitter:card\" content=\"summary_large_image\" \/>\n<meta name=\"twitter:label1\" content=\"Gesch\u00e4tzte Lesezeit\" \/>\n\t<meta name=\"twitter:data1\" content=\"1\u00a0Minute\" \/>\n<script type=\"application\/ld+json\" class=\"yoast-schema-graph\">{\"@context\":\"https:\/\/schema.org\",\"@graph\":[{\"@type\":\"WebPage\",\"@id\":\"https:\/\/www.animan.com\/de\/produit\/magazine-n-242\/\",\"url\":\"https:\/\/www.animan.com\/de\/produit\/magazine-n-242\/\",\"name\":\"Magazin NR 242 - Animan\",\"isPartOf\":{\"@id\":\"https:\/\/www.animan.com\/de\/#website\"},\"primaryImageOfPage\":{\"@id\":\"https:\/\/www.animan.com\/de\/produit\/magazine-n-242\/#primaryimage\"},\"image\":{\"@id\":\"https:\/\/www.animan.com\/de\/produit\/magazine-n-242\/#primaryimage\"},\"thumbnailUrl\":\"https:\/\/www.animan.com\/wp-content\/uploads\/2024\/07\/Design-sans-titre.png\",\"datePublished\":\"2024-07-25T05:00:17+00:00\",\"breadcrumb\":{\"@id\":\"https:\/\/www.animan.com\/de\/produit\/magazine-n-242\/#breadcrumb\"},\"inLanguage\":\"de\",\"potentialAction\":[{\"@type\":\"ReadAction\",\"target\":[\"https:\/\/www.animan.com\/de\/produit\/magazine-n-242\/\"]}]},{\"@type\":\"ImageObject\",\"inLanguage\":\"de\",\"@id\":\"https:\/\/www.animan.com\/de\/produit\/magazine-n-242\/#primaryimage\",\"url\":\"https:\/\/www.animan.com\/wp-content\/uploads\/2024\/07\/Design-sans-titre.png\",\"contentUrl\":\"https:\/\/www.animan.com\/wp-content\/uploads\/2024\/07\/Design-sans-titre.png\",\"width\":910,\"height\":1120},{\"@type\":\"BreadcrumbList\",\"@id\":\"https:\/\/www.animan.com\/de\/produit\/magazine-n-242\/#breadcrumb\",\"itemListElement\":[{\"@type\":\"ListItem\",\"position\":1,\"name\":\"Accueil\",\"item\":\"https:\/\/www.animan.com\/de\/\"},{\"@type\":\"ListItem\",\"position\":2,\"name\":\"Boutique\",\"item\":\"https:\/\/www.animan.com\/de\/boutique\/\"},{\"@type\":\"ListItem\",\"position\":3,\"name\":\"Magazin NR 242\"}]},{\"@type\":\"WebSite\",\"@id\":\"https:\/\/www.animan.com\/de\/#website\",\"url\":\"https:\/\/www.animan.com\/de\/\",\"name\":\"Animan\",\"description\":\"Animan, les beaut\u00e9s du mondes\",\"potentialAction\":[{\"@type\":\"SearchAction\",\"target\":{\"@type\":\"EntryPoint\",\"urlTemplate\":\"https:\/\/www.animan.com\/de\/?s={search_term_string}\"},\"query-input\":{\"@type\":\"PropertyValueSpecification\",\"valueRequired\":true,\"valueName\":\"search_term_string\"}}],\"inLanguage\":\"de\"}]}<\/script>\n<!-- \/ Yoast SEO plugin. -->","yoast_head_json":{"title":"Magazin NR 242 - Animan","robots":{"index":"index","follow":"follow","max-snippet":"max-snippet:-1","max-image-preview":"max-image-preview:large","max-video-preview":"max-video-preview:-1"},"canonical":"https:\/\/www.animan.com\/de\/produit\/magazine-n-242\/","og_locale":"de_DE","og_type":"article","og_title":"Magazin NR 242 - Animan","og_description":"Brechen Sie in dieser Ausgabe auf zu einer Entdeckungsreise der Wunder der Welt !  Ausgabe 242 \u2013 August | September 2024  Inhaltsverzeichnis des Magazins :   Bangladesch, die letzten Wanderzirkusse  Die F\u00e4r\u00f6er, eine Inselgruppe der Extreme  Portfolio, M\u00e4rchenhafte Milchstrasse  Demokratische Republik Kongo, Odysee auf dem Wasser  Italien, der Palio, ein Mekka fu\u0308r sardische Jockeys  Schweiz, Samuel Bitton, der Fotoku\u0308nstler  &nbsp;  Auszug lesen  &nbsp;","og_url":"https:\/\/www.animan.com\/de\/produit\/magazine-n-242\/","og_site_name":"Animan","article_publisher":"https:\/\/www.facebook.com\/magazineANIMAN","og_image":[{"width":910,"height":1120,"url":"https:\/\/www.animan.com\/wp-content\/uploads\/2024\/07\/Design-sans-titre.png","type":"image\/png"}],"twitter_card":"summary_large_image","twitter_misc":{"Gesch\u00e4tzte Lesezeit":"1\u00a0Minute"},"schema":{"@context":"https:\/\/schema.org","@graph":[{"@type":"WebPage","@id":"https:\/\/www.animan.com\/de\/produit\/magazine-n-242\/","url":"https:\/\/www.animan.com\/de\/produit\/magazine-n-242\/","name":"Magazin NR 242 - Animan","isPartOf":{"@id":"https:\/\/www.animan.com\/de\/#website"},"primaryImageOfPage":{"@id":"https:\/\/www.animan.com\/de\/produit\/magazine-n-242\/#primaryimage"},"image":{"@id":"https:\/\/www.animan.com\/de\/produit\/magazine-n-242\/#primaryimage"},"thumbnailUrl":"https:\/\/www.animan.com\/wp-content\/uploads\/2024\/07\/Design-sans-titre.png","datePublished":"2024-07-25T05:00:17+00:00","breadcrumb":{"@id":"https:\/\/www.animan.com\/de\/produit\/magazine-n-242\/#breadcrumb"},"inLanguage":"de","potentialAction":[{"@type":"ReadAction","target":["https:\/\/www.animan.com\/de\/produit\/magazine-n-242\/"]}]},{"@type":"ImageObject","inLanguage":"de","@id":"https:\/\/www.animan.com\/de\/produit\/magazine-n-242\/#primaryimage","url":"https:\/\/www.animan.com\/wp-content\/uploads\/2024\/07\/Design-sans-titre.png","contentUrl":"https:\/\/www.animan.com\/wp-content\/uploads\/2024\/07\/Design-sans-titre.png","width":910,"height":1120},{"@type":"BreadcrumbList","@id":"https:\/\/www.animan.com\/de\/produit\/magazine-n-242\/#breadcrumb","itemListElement":[{"@type":"ListItem","position":1,"name":"Accueil","item":"https:\/\/www.animan.com\/de\/"},{"@type":"ListItem","position":2,"name":"Boutique","item":"https:\/\/www.animan.com\/de\/boutique\/"},{"@type":"ListItem","position":3,"name":"Magazin NR 242"}]},{"@type":"WebSite","@id":"https:\/\/www.animan.com\/de\/#website","url":"https:\/\/www.animan.com\/de\/","name":"Animan","description":"Animan, les beaut\u00e9s du mondes","potentialAction":[{"@type":"SearchAction","target":{"@type":"EntryPoint","urlTemplate":"https:\/\/www.animan.com\/de\/?s={search_term_string}"},"query-input":{"@type":"PropertyValueSpecification","valueRequired":true,"valueName":"search_term_string"}}],"inLanguage":"de"}]}},"_links":{"self":[{"href":"https:\/\/www.animan.com\/de\/wp-json\/wp\/v2\/product\/10290","targetHints":{"allow":["GET"]}}],"collection":[{"href":"https:\/\/www.animan.com\/de\/wp-json\/wp\/v2\/product"}],"about":[{"href":"https:\/\/www.animan.com\/de\/wp-json\/wp\/v2\/types\/product"}],"wp:featuredmedia":[{"embeddable":true,"href":"https:\/\/www.animan.com\/de\/wp-json\/wp\/v2\/media\/10289"}],"wp:attachment":[{"href":"https:\/\/www.animan.com\/de\/wp-json\/wp\/v2\/media?parent=10290"}],"wp:term":[{"taxonomy":"product_brand","embeddable":true,"href":"https:\/\/www.animan.com\/de\/wp-json\/wp\/v2\/product_brand?post=10290"},{"taxonomy":"product_cat","embeddable":true,"href":"https:\/\/www.animan.com\/de\/wp-json\/wp\/v2\/product_cat?post=10290"},{"taxonomy":"product_tag","embeddable":true,"href":"https:\/\/www.animan.com\/de\/wp-json\/wp\/v2\/product_tag?post=10290"}],"curies":[{"name":"wp","href":"https:\/\/api.w.org\/{rel}","templated":true}]}}