{"id":6055,"date":"2023-02-03T14:15:41","date_gmt":"2023-02-03T13:15:41","guid":{"rendered":"https:\/\/www.animan.com\/?page_id=6055"},"modified":"2023-03-28T06:58:58","modified_gmt":"2023-03-28T04:58:58","slug":"animan-photo-contest-2","status":"publish","type":"page","link":"https:\/\/www.animan.com\/de\/animan-photo-contest-2\/","title":{"rendered":"Herunterladen der Wettbewerbsregeln"},"content":{"rendered":"<div class=\"wpb-content-wrapper\"><p>[vc_row css=&#8220;.vc_custom_1676277928812{margin-right: -250px !important;margin-left: -250px !important;background-color: #0a0a0a !important;}&#8220;][vc_column][vc_column_text css=&#8220;.vc_custom_1676277919624{margin-top: -100px !important;padding-right: 240px !important;padding-left: 240px !important;}&#8220;]<\/p>\n<h3 style=\"text-align: center;\"><span style=\"color: #ffffff;\">\u00fcber den ANIMAN PHOTO CONTEST<\/span><\/h3>\n<p style=\"text-align: center;\"><span style=\"color: #ffffff;\">Seit 40 Jahren bietet das Animan-Magazin\u00a0Bildern einen exklusiven Rahmen. Dieser neue Fotowettbewerb steht Amateur-und Profi-Fotografen aus allen Bereichen offen, die ihre Bilder in den Fokus r\u00fccken und mit einer Leserschaft teilen m\u00f6chten, die sich durch einen geschulten Blick und die Begeisterung f\u00fcr die Fotografie auszeichnet.\u00a0\u00a0<\/span><\/p>\n<p>[\/vc_column_text][\/vc_column][\/vc_row][vc_row css=&#8220;.vc_custom_1676278009494{margin-top: -70px !important;}&#8220;][vc_column][vc_column_text]<\/p>\n<h3 style=\"text-align: center;\"><strong>DIE PREISE DER JURY<\/strong><\/h3>\n<p>[\/vc_column_text][\/vc_column][\/vc_row][vc_row css=&#8220;.vc_custom_1676278089706{margin-top: -80px !important;margin-bottom: 30px !important;}&#8220;][vc_column width=&#8220;1\/3&#8243;][vc_single_image image=&#8220;5777&#8243; img_size=&#8220;full&#8220; alignment=&#8220;center&#8220;][vc_column_text css=&#8220;.vc_custom_1676278168848{margin-top: -100px !important;}&#8220;]<\/p>\n<h3 style=\"text-align: center;\"><strong>1. PREIS<\/strong><\/h3>\n<p style=\"text-align: center;\">Gutschein im Wert von CHF 1000.\u2013 f\u00fcr\u00a0 <a href=\"https:\/\/www.owy.ch\/\" target=\"_blank\" rel=\"noopener\">Ott + Wyss<\/a><\/p>\n<p>[\/vc_column_text][\/vc_column][vc_column width=&#8220;1\/3&#8243;][vc_single_image image=&#8220;5683&#8243; img_size=&#8220;full&#8220; alignment=&#8220;center&#8220;][vc_column_text css=&#8220;.vc_custom_1676278210047{margin-top: -100px !important;}&#8220;]<\/p>\n<h3 style=\"text-align: center;\"><strong>2. PREIS<\/strong><\/h3>\n<p style=\"text-align: center;\">DJI Mini 3 Drohne<\/p>\n<p>[\/vc_column_text][\/vc_column][vc_column width=&#8220;1\/3&#8243;][vc_single_image image=&#8220;5685&#8243; img_size=&#8220;full&#8220; alignment=&#8220;center&#8220;][vc_column_text css=&#8220;.vc_custom_1676278221470{margin-top: -100px !important;}&#8220;]<\/p>\n<h3 style=\"text-align: center;\"><strong>3. PREIS<\/strong><\/h3>\n<p style=\"text-align: center;\">Manfrotto Befree Advanced Carbon Reisestativ<\/p>\n<p>[\/vc_column_text][\/vc_column][\/vc_row][vc_row css=&#8220;.vc_custom_1676278395064{margin-right: -250px !important;margin-bottom: -100px !important;margin-left: -250px !important;background-color: #0a0a0a !important;}&#8220;][vc_column css=&#8220;.vc_custom_1676278410860{margin-top: -100px !important;}&#8220;][vc_column_text css=&#8220;.vc_custom_1676278362240{margin-bottom: -50px !important;}&#8220;]<\/p>\n<h3 style=\"text-align: center;\"><span style=\"color: #ffffff;\"><strong>PUBLIKUMSPREIS<\/strong><\/span><\/h3>\n<p>[\/vc_column_text][\/vc_column][\/vc_row][vc_row css=&#8220;.vc_custom_1676278471036{margin-top: -100px !important;margin-right: -250px !important;margin-left: -250px !important;background-color: #0a0a0a !important;}&#8220;][vc_column width=&#8220;1\/4&#8243;][\/vc_column][vc_column width=&#8220;1\/2&#8243;][vc_single_image image=&#8220;5735&#8243; img_size=&#8220;full&#8220; css=&#8220;.vc_custom_1676278960162{margin-top: -80px !important;padding-right: 140px !important;padding-left: 140px !important;}&#8220;][vc_column_text css=&#8220;.vc_custom_1676278985142{margin-top: -90px !important;padding-right: 50px !important;padding-left: 50px !important;}&#8220;]<\/p>\n<p style=\"text-align: center;\"><span style=\"color: #ffffff;\">\u00a0<a style=\"color: #ffffff;\" href=\"https:\/\/www.samsonite.ch\/de\/proxis-spinner-expandable-55cm--honey-gold\/126035-6856.html\" target=\"_blank\" rel=\"noopener\">Samsonite<\/a>-Kofferset im Wert <\/span><br \/>\n<span style=\"color: #ffffff;\">von CHF 1375.\u2013<\/span><\/p>\n<p>[\/vc_column_text][\/vc_column][vc_column width=&#8220;1\/4&#8243;][\/vc_column][\/vc_row][vc_row css=&#8220;.vc_custom_1676278845712{margin-top: 30px !important;margin-right: -250px !important;margin-bottom: -30px !important;margin-left: -250px !important;}&#8220;][vc_column][vc_column_text css=&#8220;.vc_custom_1676291985655{margin-top: -100px !important;padding-right: 240px !important;padding-left: 240px !important;}&#8220;]<\/p>\n<h3 style=\"text-align: center;\">Lust, mitzumachen?<\/h3>\n<p style=\"text-align: center;\">F\u00fcllen Sie die untenstehenden Felder aus und Sie erhalten alle Informationen zum Wettbewerb sowie den Link zur Teilnahme in Ihrer Mailbox<\/p>\n<p>[\/vc_column_text][\/vc_column][\/vc_row][vc_row][vc_column][ninja_form id=&#8220;11&#8243;][\/vc_column][\/vc_row]<\/p>\n<\/div>","protected":false},"excerpt":{"rendered":"<p>[vc_row css=&#8220;.vc_custom_1676277928812{margin-right: -250px !important;margin-left: -250px !important;background-color: #0a0a0a !important;}&#8220;][vc_column][vc_column_text css=&#8220;.vc_custom_1676277919624{margin-top: -100px !important;padding-right: 240px !important;padding-left: 240px !important;}&#8220;] \u00fcber den ANIMAN PHOTO CONTEST Seit 40 Jahren bietet das Animan-Magazin\u00a0Bildern einen exklusiven Rahmen. Dieser neue Fotowettbewerb steht Amateur-und Profi-Fotografen aus allen Bereichen offen, die ihre Bilder in den Fokus r\u00fccken und mit einer Leserschaft teilen m\u00f6chten, die sich durch [&hellip;]<\/p>\n","protected":false},"author":11,"featured_media":5901,"parent":0,"menu_order":0,"comment_status":"closed","ping_status":"closed","template":"","meta":{"_acf_changed":false,"footnotes":""},"class_list":["post-6055","page","type-page","status-publish","has-post-thumbnail","hentry"],"acf":[],"yoast_head":"<!-- This site is optimized with the Yoast SEO plugin v27.5 - https:\/\/yoast.com\/product\/yoast-seo-wordpress\/ -->\n<title>Herunterladen der Wettbewerbsregeln - Animan<\/title>\n<meta name=\"robots\" content=\"index, follow, max-snippet:-1, max-image-preview:large, max-video-preview:-1\" \/>\n<link rel=\"canonical\" href=\"https:\/\/www.animan.com\/de\/animan-photo-contest-2\/\" \/>\n<meta property=\"og:locale\" content=\"de_DE\" \/>\n<meta property=\"og:type\" content=\"article\" \/>\n<meta property=\"og:title\" content=\"Herunterladen der Wettbewerbsregeln - Animan\" \/>\n<meta property=\"og:description\" content=\"[vc_row css=&#8220;.vc_custom_1676277928812{margin-right: -250px !important;margin-left: -250px !important;background-color: #0a0a0a !important;}&#8220;][vc_column][vc_column_text css=&#8220;.vc_custom_1676277919624{margin-top: -100px !important;padding-right: 240px !important;padding-left: 240px !important;}&#8220;] \u00fcber den ANIMAN PHOTO CONTEST Seit 40 Jahren bietet das Animan-Magazin\u00a0Bildern einen exklusiven Rahmen. Dieser neue Fotowettbewerb steht Amateur-und Profi-Fotografen aus allen Bereichen offen, die ihre Bilder in den Fokus r\u00fccken und mit einer Leserschaft teilen m\u00f6chten, die sich durch [&hellip;]\" \/>\n<meta property=\"og:url\" content=\"https:\/\/www.animan.com\/de\/animan-photo-contest-2\/\" \/>\n<meta property=\"og:site_name\" content=\"Animan\" \/>\n<meta property=\"article:publisher\" content=\"https:\/\/www.facebook.com\/magazineANIMAN\" \/>\n<meta property=\"article:modified_time\" content=\"2023-03-28T04:58:58+00:00\" \/>\n<meta property=\"og:image\" content=\"https:\/\/www.animan.com\/wp-content\/uploads\/2023\/01\/animan-photo-contest-1.gif\" \/>\n\t<meta property=\"og:image:width\" content=\"2000\" \/>\n\t<meta property=\"og:image:height\" content=\"800\" \/>\n\t<meta property=\"og:image:type\" content=\"image\/gif\" \/>\n<meta name=\"twitter:card\" content=\"summary_large_image\" \/>\n<meta name=\"twitter:label1\" content=\"Gesch\u00e4tzte Lesezeit\" \/>\n\t<meta name=\"twitter:data1\" content=\"2\u00a0Minuten\" \/>\n<script type=\"application\/ld+json\" class=\"yoast-schema-graph\">{\"@context\":\"https:\\\/\\\/schema.org\",\"@graph\":[{\"@type\":\"WebPage\",\"@id\":\"https:\\\/\\\/www.animan.com\\\/de\\\/animan-photo-contest-2\\\/\",\"url\":\"https:\\\/\\\/www.animan.com\\\/de\\\/animan-photo-contest-2\\\/\",\"name\":\"Herunterladen der Wettbewerbsregeln - Animan\",\"isPartOf\":{\"@id\":\"https:\\\/\\\/www.animan.com\\\/de\\\/#website\"},\"primaryImageOfPage\":{\"@id\":\"https:\\\/\\\/www.animan.com\\\/de\\\/animan-photo-contest-2\\\/#primaryimage\"},\"image\":{\"@id\":\"https:\\\/\\\/www.animan.com\\\/de\\\/animan-photo-contest-2\\\/#primaryimage\"},\"thumbnailUrl\":\"https:\\\/\\\/www.animan.com\\\/wp-content\\\/uploads\\\/2023\\\/01\\\/animan-photo-contest-1.gif\",\"datePublished\":\"2023-02-03T13:15:41+00:00\",\"dateModified\":\"2023-03-28T04:58:58+00:00\",\"breadcrumb\":{\"@id\":\"https:\\\/\\\/www.animan.com\\\/de\\\/animan-photo-contest-2\\\/#breadcrumb\"},\"inLanguage\":\"de\",\"potentialAction\":[{\"@type\":\"ReadAction\",\"target\":[\"https:\\\/\\\/www.animan.com\\\/de\\\/animan-photo-contest-2\\\/\"]}]},{\"@type\":\"ImageObject\",\"inLanguage\":\"de\",\"@id\":\"https:\\\/\\\/www.animan.com\\\/de\\\/animan-photo-contest-2\\\/#primaryimage\",\"url\":\"https:\\\/\\\/www.animan.com\\\/wp-content\\\/uploads\\\/2023\\\/01\\\/animan-photo-contest-1.gif\",\"contentUrl\":\"https:\\\/\\\/www.animan.com\\\/wp-content\\\/uploads\\\/2023\\\/01\\\/animan-photo-contest-1.gif\",\"width\":2000,\"height\":800},{\"@type\":\"BreadcrumbList\",\"@id\":\"https:\\\/\\\/www.animan.com\\\/de\\\/animan-photo-contest-2\\\/#breadcrumb\",\"itemListElement\":[{\"@type\":\"ListItem\",\"position\":1,\"name\":\"Accueil\",\"item\":\"https:\\\/\\\/www.animan.com\\\/de\\\/\"},{\"@type\":\"ListItem\",\"position\":2,\"name\":\"Herunterladen der Wettbewerbsregeln\"}]},{\"@type\":\"WebSite\",\"@id\":\"https:\\\/\\\/www.animan.com\\\/de\\\/#website\",\"url\":\"https:\\\/\\\/www.animan.com\\\/de\\\/\",\"name\":\"Animan\",\"description\":\"r\u00e9ver voyager pr\u00e9server\",\"potentialAction\":[{\"@type\":\"SearchAction\",\"target\":{\"@type\":\"EntryPoint\",\"urlTemplate\":\"https:\\\/\\\/www.animan.com\\\/de\\\/?s={search_term_string}\"},\"query-input\":{\"@type\":\"PropertyValueSpecification\",\"valueRequired\":true,\"valueName\":\"search_term_string\"}}],\"inLanguage\":\"de\"}]}<\/script>\n<!-- \/ Yoast SEO plugin. -->","yoast_head_json":{"title":"Herunterladen der Wettbewerbsregeln - Animan","robots":{"index":"index","follow":"follow","max-snippet":"max-snippet:-1","max-image-preview":"max-image-preview:large","max-video-preview":"max-video-preview:-1"},"canonical":"https:\/\/www.animan.com\/de\/animan-photo-contest-2\/","og_locale":"de_DE","og_type":"article","og_title":"Herunterladen der Wettbewerbsregeln - Animan","og_description":"[vc_row css=&#8220;.vc_custom_1676277928812{margin-right: -250px !important;margin-left: -250px !important;background-color: #0a0a0a !important;}&#8220;][vc_column][vc_column_text css=&#8220;.vc_custom_1676277919624{margin-top: -100px !important;padding-right: 240px !important;padding-left: 240px !important;}&#8220;] \u00fcber den ANIMAN PHOTO CONTEST Seit 40 Jahren bietet das Animan-Magazin\u00a0Bildern einen exklusiven Rahmen. Dieser neue Fotowettbewerb steht Amateur-und Profi-Fotografen aus allen Bereichen offen, die ihre Bilder in den Fokus r\u00fccken und mit einer Leserschaft teilen m\u00f6chten, die sich durch [&hellip;]","og_url":"https:\/\/www.animan.com\/de\/animan-photo-contest-2\/","og_site_name":"Animan","article_publisher":"https:\/\/www.facebook.com\/magazineANIMAN","article_modified_time":"2023-03-28T04:58:58+00:00","og_image":[{"width":2000,"height":800,"url":"https:\/\/www.animan.com\/wp-content\/uploads\/2023\/01\/animan-photo-contest-1.gif","type":"image\/gif"}],"twitter_card":"summary_large_image","twitter_misc":{"Gesch\u00e4tzte Lesezeit":"2\u00a0Minuten"},"schema":{"@context":"https:\/\/schema.org","@graph":[{"@type":"WebPage","@id":"https:\/\/www.animan.com\/de\/animan-photo-contest-2\/","url":"https:\/\/www.animan.com\/de\/animan-photo-contest-2\/","name":"Herunterladen der Wettbewerbsregeln - Animan","isPartOf":{"@id":"https:\/\/www.animan.com\/de\/#website"},"primaryImageOfPage":{"@id":"https:\/\/www.animan.com\/de\/animan-photo-contest-2\/#primaryimage"},"image":{"@id":"https:\/\/www.animan.com\/de\/animan-photo-contest-2\/#primaryimage"},"thumbnailUrl":"https:\/\/www.animan.com\/wp-content\/uploads\/2023\/01\/animan-photo-contest-1.gif","datePublished":"2023-02-03T13:15:41+00:00","dateModified":"2023-03-28T04:58:58+00:00","breadcrumb":{"@id":"https:\/\/www.animan.com\/de\/animan-photo-contest-2\/#breadcrumb"},"inLanguage":"de","potentialAction":[{"@type":"ReadAction","target":["https:\/\/www.animan.com\/de\/animan-photo-contest-2\/"]}]},{"@type":"ImageObject","inLanguage":"de","@id":"https:\/\/www.animan.com\/de\/animan-photo-contest-2\/#primaryimage","url":"https:\/\/www.animan.com\/wp-content\/uploads\/2023\/01\/animan-photo-contest-1.gif","contentUrl":"https:\/\/www.animan.com\/wp-content\/uploads\/2023\/01\/animan-photo-contest-1.gif","width":2000,"height":800},{"@type":"BreadcrumbList","@id":"https:\/\/www.animan.com\/de\/animan-photo-contest-2\/#breadcrumb","itemListElement":[{"@type":"ListItem","position":1,"name":"Accueil","item":"https:\/\/www.animan.com\/de\/"},{"@type":"ListItem","position":2,"name":"Herunterladen der Wettbewerbsregeln"}]},{"@type":"WebSite","@id":"https:\/\/www.animan.com\/de\/#website","url":"https:\/\/www.animan.com\/de\/","name":"Animan","description":"r\u00e9ver voyager pr\u00e9server","potentialAction":[{"@type":"SearchAction","target":{"@type":"EntryPoint","urlTemplate":"https:\/\/www.animan.com\/de\/?s={search_term_string}"},"query-input":{"@type":"PropertyValueSpecification","valueRequired":true,"valueName":"search_term_string"}}],"inLanguage":"de"}]}},"_links":{"self":[{"href":"https:\/\/www.animan.com\/de\/wp-json\/wp\/v2\/pages\/6055","targetHints":{"allow":["GET"]}}],"collection":[{"href":"https:\/\/www.animan.com\/de\/wp-json\/wp\/v2\/pages"}],"about":[{"href":"https:\/\/www.animan.com\/de\/wp-json\/wp\/v2\/types\/page"}],"author":[{"embeddable":true,"href":"https:\/\/www.animan.com\/de\/wp-json\/wp\/v2\/users\/11"}],"replies":[{"embeddable":true,"href":"https:\/\/www.animan.com\/de\/wp-json\/wp\/v2\/comments?post=6055"}],"version-history":[{"count":10,"href":"https:\/\/www.animan.com\/de\/wp-json\/wp\/v2\/pages\/6055\/revisions"}],"predecessor-version":[{"id":6121,"href":"https:\/\/www.animan.com\/de\/wp-json\/wp\/v2\/pages\/6055\/revisions\/6121"}],"wp:featuredmedia":[{"embeddable":true,"href":"https:\/\/www.animan.com\/de\/wp-json\/wp\/v2\/media\/5901"}],"wp:attachment":[{"href":"https:\/\/www.animan.com\/de\/wp-json\/wp\/v2\/media?parent=6055"}],"curies":[{"name":"wp","href":"https:\/\/api.w.org\/{rel}","templated":true}]}}