{"id":2263,"date":"2022-05-11T08:37:15","date_gmt":"2022-05-11T06:37:15","guid":{"rendered":"http:\/\/www.animan.com\/?page_id=2263"},"modified":"2026-04-23T12:32:30","modified_gmt":"2026-04-23T10:32:30","slug":"publicite","status":"publish","type":"page","link":"https:\/\/www.animan.com\/de\/publicite\/","title":{"rendered":"Werbung"},"content":{"rendered":"<div class=\"wpb-content-wrapper\"><p>[vc_row][vc_column][vc_row_inner][vc_column_inner][vc_column_text css=&#8220;&#8220;]<\/p>\n<h2 style=\"text-align: center;\">Werbung<\/h2>\n<p style=\"text-align: center;\">Ein Umfeld von h\u00f6chster Qualit\u00e4t<\/p>\n<p>[\/vc_column_text][\/vc_column_inner][\/vc_row_inner][vc_row_inner css=&#8220;.vc_custom_1638194719028{margin-top: 40px !important;}&#8220;][vc_column_inner width=&#8220;8\/12&#8243;][vc_column_text css=&#8220;&#8220;]Animan legt seinen Leserinnen und Lesern Themen vor, die mit den Sch\u00f6nheiten der Natur und deren Bewahrung in Resonanz stehen. Durch brillante Fotografien und inspirierende Reportagen bringt Ihnen unser Magazin ungeahnte Destinationen n\u00e4her, es evoziert den Duft ferner L\u00e4nder und macht unbekannte Zivilisationen und ihre Br\u00e4uche erfahrbar. Animan ist Ihr Fenster auf die Wunder der Welt!<\/p>\n<p>Der erlesene Inhalt und die qualitativ hochstehende Gestaltung machen unser Magazin, das in einer deutschen und einer franz\u00f6sischen Fassung erscheint, in der Schweizer Presselandschaft einzigartig. Es verf\u00fcgt \u00fcber eine kontrollierte Zahl von <strong>62\u2019000 Leserinnen und Lesern<\/strong> (Mach Basic 2025-2\u2009\/\u2009Mach Basic 2024-2) und ist schweizweit erh\u00e4ltlich.[\/vc_column_text][\/vc_column_inner][vc_column_inner width=&#8220;1\/12&#8243;][\/vc_column_inner][vc_column_inner width=&#8220;3\/12&#8243;][vc_single_image image=&#8220;58&#8243; img_size=&#8220;full&#8220;][vc_column_text css=&#8220;&#8220;]<\/p>\n<p style=\"text-align: center;\"><a class=\"button\" href=\"https:\/\/www.animan.com\/wp-content\/uploads\/2025\/11\/Animan_MEDIADATEN_2026_ALL.pdf\" target=\"_blank\" rel=\"noopener\">mediadaten 2026<\/a><\/p>\n<p style=\"text-align: center;\"><a class=\"button\" href=\"https:\/\/www.animan.com\/wp-content\/uploads\/2026\/04\/Animan-MEDIAKIT-2026-EN-v2.pdf\" target=\"_blank\" rel=\"noopener\">Media kit 2026 (English version)<\/a><\/p>\n<p>[\/vc_column_text][\/vc_column_inner][\/vc_row_inner][\/vc_column][\/vc_row][vc_row el_class=&#8220;magazine-container&#8220;][vc_column][vc_row_inner][vc_column_inner][vc_column_text]<\/p>\n<h2 style=\"text-align: center;\">ENTDECKEN SIE UNSERE SPEZIALANGEBOTE<\/h2>\n<p>[\/vc_column_text][\/vc_column_inner][\/vc_row_inner][vc_row_inner content_placement=&#8220;middle&#8220;][vc_column_inner width=&#8220;5\/12&#8243;][vc_column_text]<a href=\"http:\/\/www.animan.com\/wp-content\/uploads\/2022\/05\/Pages-de-animan-portfolio-ardentis_DE.jpg\"><img loading=\"lazy\" decoding=\"async\" class=\"alignnone wp-image-2446\" src=\"http:\/\/www.animan.com\/wp-content\/uploads\/2022\/05\/Pages-de-animan-portfolio-ardentis_DE-1-242x300.jpg\" alt=\"\" width=\"191\" height=\"237\" srcset=\"https:\/\/www.animan.com\/wp-content\/uploads\/2022\/05\/Pages-de-animan-portfolio-ardentis_DE-1-242x300.jpg 242w, https:\/\/www.animan.com\/wp-content\/uploads\/2022\/05\/Pages-de-animan-portfolio-ardentis_DE-1-826x1024.jpg 826w, https:\/\/www.animan.com\/wp-content\/uploads\/2022\/05\/Pages-de-animan-portfolio-ardentis_DE-1-768x952.jpg 768w, https:\/\/www.animan.com\/wp-content\/uploads\/2022\/05\/Pages-de-animan-portfolio-ardentis_DE-1-300x372.jpg 300w, https:\/\/www.animan.com\/wp-content\/uploads\/2022\/05\/Pages-de-animan-portfolio-ardentis_DE-1-600x744.jpg 600w, https:\/\/www.animan.com\/wp-content\/uploads\/2022\/05\/Pages-de-animan-portfolio-ardentis_DE-1.jpg 906w\" sizes=\"auto, (max-width: 191px) 100vw, 191px\" \/><\/a><a href=\"http:\/\/www.animan.com\/wp-content\/uploads\/2022\/05\/animan-portfolio-CAS_DE.pdf\"><img loading=\"lazy\" decoding=\"async\" class=\"alignnone wp-image-2444\" src=\"http:\/\/www.animan.com\/wp-content\/uploads\/2022\/05\/animan-portfolio-CAS_DE_Page_01-1-242x300.jpg\" alt=\"\" width=\"191\" height=\"237\" srcset=\"https:\/\/www.animan.com\/wp-content\/uploads\/2022\/05\/animan-portfolio-CAS_DE_Page_01-1-242x300.jpg 242w, https:\/\/www.animan.com\/wp-content\/uploads\/2022\/05\/animan-portfolio-CAS_DE_Page_01-1-826x1024.jpg 826w, https:\/\/www.animan.com\/wp-content\/uploads\/2022\/05\/animan-portfolio-CAS_DE_Page_01-1-768x952.jpg 768w, https:\/\/www.animan.com\/wp-content\/uploads\/2022\/05\/animan-portfolio-CAS_DE_Page_01-1-1240x1536.jpg 1240w, https:\/\/www.animan.com\/wp-content\/uploads\/2022\/05\/animan-portfolio-CAS_DE_Page_01-1-1653x2048.jpg 1653w, https:\/\/www.animan.com\/wp-content\/uploads\/2022\/05\/animan-portfolio-CAS_DE_Page_01-1-300x372.jpg 300w, https:\/\/www.animan.com\/wp-content\/uploads\/2022\/05\/animan-portfolio-CAS_DE_Page_01-1-600x743.jpg 600w, https:\/\/www.animan.com\/wp-content\/uploads\/2022\/05\/animan-portfolio-CAS_DE_Page_01-1.jpg 1812w\" sizes=\"auto, (max-width: 191px) 100vw, 191px\" \/><\/a>[\/vc_column_text][\/vc_column_inner][vc_column_inner width=&#8220;1\/12&#8243;][\/vc_column_inner][vc_column_inner width=&#8220;6\/12&#8243;][vc_column_text]<\/p>\n<h3>PORTFOLIO-SPONSORING<\/h3>\n<p>Das Animan-Portfolio ist ein zentraler Bestandteil des Magazins, ein Aush\u00e4ngeschild, um Ihre Marke auf originelle Weise zu bewerben.\u00a0<a href=\"mailto:dominique.breschan@mhdsa.ch\"><u>Kontaktieren Sie uns und fordern Sie ein Angebot an.<\/u><\/a><\/p>\n<p><strong>Beispiele gesponserter Portfolios<\/strong><strong><br \/>\n<\/strong>Klicken Sie auf das Bild, um die PDF-Datei des Portfolios aufzurufen<\/p>\n<p>Links Ardentis<br \/>\nRechts Club Alpin Suisse<\/p>\n<p><a class=\"button\" href=\"mailto:dominique.breschan@mhdsa.ch\" target=\"_blank\" rel=\"noopener\">Auf Anfrage<\/a>[\/vc_column_text][\/vc_column_inner][\/vc_row_inner][vc_row_inner content_placement=&#8220;middle&#8220; css=&#8220;.vc_custom_1643902022651{padding-top: 50px !important;padding-bottom: 50px !important;}&#8220;][vc_column_inner width=&#8220;5\/12&#8243;][vc_column_text]<a href=\"https:\/\/www.animan.com\/wp-content\/uploads\/2022\/07\/12341_ANIMAN_224_DE_TESSIN.pdf\" target=\"_blank\" rel=\"noopener\"><img loading=\"lazy\" decoding=\"async\" class=\"alignnone wp-image-3744\" src=\"https:\/\/www.animan.com\/wp-content\/uploads\/2022\/07\/animan-224-cover-publireportage-tessin-DE-241x300.png\" alt=\"\" width=\"190\" height=\"237\" srcset=\"https:\/\/www.animan.com\/wp-content\/uploads\/2022\/07\/animan-224-cover-publireportage-tessin-DE-241x300.png 241w, https:\/\/www.animan.com\/wp-content\/uploads\/2022\/07\/animan-224-cover-publireportage-tessin-DE-821x1024.png 821w, https:\/\/www.animan.com\/wp-content\/uploads\/2022\/07\/animan-224-cover-publireportage-tessin-DE-768x958.png 768w, https:\/\/www.animan.com\/wp-content\/uploads\/2022\/07\/animan-224-cover-publireportage-tessin-DE-300x374.png 300w, https:\/\/www.animan.com\/wp-content\/uploads\/2022\/07\/animan-224-cover-publireportage-tessin-DE-600x748.png 600w, https:\/\/www.animan.com\/wp-content\/uploads\/2022\/07\/animan-224-cover-publireportage-tessin-DE.png 867w\" sizes=\"auto, (max-width: 190px) 100vw, 190px\" \/><\/a><a href=\"https:\/\/www.animan.com\/wp-content\/uploads\/2022\/07\/12342_ANIMAN_225_DE_GRISONS.pdf\" target=\"_blank\" rel=\"noopener\"><img loading=\"lazy\" decoding=\"async\" class=\"alignnone wp-image-3740 size-full\" src=\"https:\/\/www.animan.com\/wp-content\/uploads\/2022\/07\/animan-225-cover-publireportage-Grisons-DE-e1658813451192.png\" alt=\"\" width=\"190\" height=\"237\" \/><\/a>[\/vc_column_text][\/vc_column_inner][vc_column_inner width=&#8220;1\/12&#8243;][\/vc_column_inner][vc_column_inner width=&#8220;6\/12&#8243;][vc_column_text css=&#8220;&#8220;]<\/p>\n<h3>PUBLIREPORTAGEN<\/h3>\n<p>Sie m\u00f6chten eine Publireportage in unserem Magazin platzieren?<br \/>\n<a href=\"mailto:dominique.breschan@mhdsa.ch\"><u>Kontaktieren Sie uns und fordern Sie ein Angebot an.<\/u><\/a><\/p>\n<p><strong>Beispiele gesponserter Artikel<\/strong><strong><br \/>\n<\/strong>Klicken Sie auf das Bild, um die PDF-Datei des Artikels aufzurufen<\/p>\n<p>Links Graub\u00fcnden<br \/>\nRechts Tessin<\/p>\n<p><a class=\"button\" href=\"https:\/\/www.animan.com\/wp-content\/uploads\/2025\/11\/Animan-Angebot-TourismusFreizeit-2026-DE.pdf\" target=\"_blank\" rel=\"noopener\">ANGEBOT HERUNTERLADEN<\/a>[\/vc_column_text][\/vc_column_inner][\/vc_row_inner][vc_row_inner content_placement=&#8220;middle&#8220;][vc_column_inner width=&#8220;5\/12&#8243;][vc_column_text]<\/p>\n<p style=\"text-align: left;\"><a href=\"http:\/\/www.animan.com\/wp-content\/uploads\/2022\/05\/animan-sponsoring.sonderausgabe-aoril-mai-2019.pdf\"><img loading=\"lazy\" decoding=\"async\" class=\"wp-image-2459 alignnone\" src=\"http:\/\/www.animan.com\/wp-content\/uploads\/2022\/05\/Pages-de-animan-sponsoring.sonderausgabe-aoril-mai-2019-1.png\" alt=\"\" width=\"191\" height=\"237\" srcset=\"https:\/\/www.animan.com\/wp-content\/uploads\/2022\/05\/Pages-de-animan-sponsoring.sonderausgabe-aoril-mai-2019-1.png 1359w, https:\/\/www.animan.com\/wp-content\/uploads\/2022\/05\/Pages-de-animan-sponsoring.sonderausgabe-aoril-mai-2019-1-242x300.png 242w, https:\/\/www.animan.com\/wp-content\/uploads\/2022\/05\/Pages-de-animan-sponsoring.sonderausgabe-aoril-mai-2019-1-826x1024.png 826w, https:\/\/www.animan.com\/wp-content\/uploads\/2022\/05\/Pages-de-animan-sponsoring.sonderausgabe-aoril-mai-2019-1-768x952.png 768w, https:\/\/www.animan.com\/wp-content\/uploads\/2022\/05\/Pages-de-animan-sponsoring.sonderausgabe-aoril-mai-2019-1-1240x1536.png 1240w, https:\/\/www.animan.com\/wp-content\/uploads\/2022\/05\/Pages-de-animan-sponsoring.sonderausgabe-aoril-mai-2019-1-300x372.png 300w, https:\/\/www.animan.com\/wp-content\/uploads\/2022\/05\/Pages-de-animan-sponsoring.sonderausgabe-aoril-mai-2019-1-600x743.png 600w\" sizes=\"auto, (max-width: 191px) 100vw, 191px\" \/><\/a><\/p>\n<p>[\/vc_column_text][\/vc_column_inner][vc_column_inner width=&#8220;1\/12&#8243;][\/vc_column_inner][vc_column_inner width=&#8220;6\/12&#8243;][vc_column_text css=&#8220;&#8220;]<\/p>\n<h3>MASSGESCHNEIDERTE AUSGABEN<\/h3>\n<p>Setzen Sie Ihre Region in einer Animan-Spezialausgabe in Szene.<br \/>\nInteressiert?\u00a0<a href=\"mailto:dominique.breschan@mhdsa.ch\"><u>Kontaktieren Sie uns f\u00fcr weiterf\u00fchrende Informationen<\/u>.<\/a><\/p>\n<p><strong>Beispiele einer \u00abmassgeschneiderten\u00bb Spezialausgabe<br \/>\n<\/strong>Klicken Sie auf das Bild, um die PDF-Datei der Spezialausgabe aufzurufen<\/p>\n<p><strong>Spezialausgabe Frankreich<\/strong><\/p>\n<p><a class=\"button\" href=\"mailto:dominique.breschan@mhdsa.ch\" target=\"_blank\" rel=\"noopener\">Auf Anfrage<\/a>[\/vc_column_text][\/vc_column_inner][\/vc_row_inner][\/vc_column][\/vc_row][vc_row full_width=&#8220;stretch_row&#8220; el_class=&#8220;grey&#8220;][vc_column][vc_row_inner][vc_column_inner][vc_column_text]<\/p>\n<h2 style=\"text-align: center;\">ANZEIGENVERKAUF DEUTSCHSCHWEIZ \/ KONTAKT<\/h2>\n<p style=\"text-align: center;\">MHD SA<br \/>\nFrau Dominique Breschan<br \/>\nVerkaufsleiterin<br \/>\nChemin du Bugnon 1<br \/>\nCP 32 1803 Chardonne<br \/>\nT\u00e9l. +41 79 818 27 55<br \/>\n<a href=\"mailto:dominique.breschan@mhdsa.ch\" target=\"_blank\" rel=\"noopener\">dominique.breschan@mhdsa.ch<\/a><\/p>\n<p>[\/vc_column_text][\/vc_column_inner][\/vc_row_inner][\/vc_column][\/vc_row]<\/p>\n<\/div>","protected":false},"excerpt":{"rendered":"<p>[vc_row][vc_column][vc_row_inner][vc_column_inner][vc_column_text css=&#8220;&#8220;] Werbung Ein Umfeld von h\u00f6chster Qualit\u00e4t [\/vc_column_text][\/vc_column_inner][\/vc_row_inner][vc_row_inner css=&#8220;.vc_custom_1638194719028{margin-top: 40px !important;}&#8220;][vc_column_inner width=&#8220;8\/12&#8243;][vc_column_text css=&#8220;&#8220;]Animan legt seinen Leserinnen und Lesern Themen vor, die mit den Sch\u00f6nheiten der Natur und deren Bewahrung in Resonanz stehen. Durch brillante Fotografien und inspirierende Reportagen bringt Ihnen unser Magazin ungeahnte Destinationen n\u00e4her, es evoziert den Duft ferner L\u00e4nder und macht unbekannte [&hellip;]<\/p>\n","protected":false},"author":1,"featured_media":8153,"parent":0,"menu_order":21,"comment_status":"closed","ping_status":"closed","template":"","meta":{"_acf_changed":false,"footnotes":""},"class_list":["post-2263","page","type-page","status-publish","has-post-thumbnail","hentry"],"acf":[],"yoast_head":"<!-- This site is optimized with the Yoast SEO plugin v27.5 - https:\/\/yoast.com\/product\/yoast-seo-wordpress\/ -->\n<title>Werbung - Animan<\/title>\n<meta name=\"robots\" content=\"index, follow, max-snippet:-1, max-image-preview:large, max-video-preview:-1\" \/>\n<link rel=\"canonical\" href=\"https:\/\/www.animan.com\/de\/publicite\/\" \/>\n<meta property=\"og:locale\" content=\"de_DE\" \/>\n<meta property=\"og:type\" content=\"article\" \/>\n<meta property=\"og:title\" content=\"Werbung - Animan\" \/>\n<meta property=\"og:description\" content=\"[vc_row][vc_column][vc_row_inner][vc_column_inner][vc_column_text css=&#8220;&#8220;] Werbung Ein Umfeld von h\u00f6chster Qualit\u00e4t [\/vc_column_text][\/vc_column_inner][\/vc_row_inner][vc_row_inner css=&#8220;.vc_custom_1638194719028{margin-top: 40px !important;}&#8220;][vc_column_inner width=&#8220;8\/12&#8243;][vc_column_text css=&#8220;&#8220;]Animan legt seinen Leserinnen und Lesern Themen vor, die mit den Sch\u00f6nheiten der Natur und deren Bewahrung in Resonanz stehen. Durch brillante Fotografien und inspirierende Reportagen bringt Ihnen unser Magazin ungeahnte Destinationen n\u00e4her, es evoziert den Duft ferner L\u00e4nder und macht unbekannte [&hellip;]\" \/>\n<meta property=\"og:url\" content=\"https:\/\/www.animan.com\/de\/publicite\/\" \/>\n<meta property=\"og:site_name\" content=\"Animan\" \/>\n<meta property=\"article:publisher\" content=\"https:\/\/www.facebook.com\/magazineANIMAN\" \/>\n<meta property=\"article:modified_time\" content=\"2026-04-23T10:32:30+00:00\" \/>\n<meta property=\"og:image\" content=\"https:\/\/www.animan.com\/wp-content\/uploads\/2023\/10\/Design-sans-titre-1-1024x576.png\" \/>\n\t<meta property=\"og:image:width\" content=\"1024\" \/>\n\t<meta property=\"og:image:height\" content=\"576\" \/>\n\t<meta property=\"og:image:type\" content=\"image\/png\" \/>\n<meta name=\"twitter:card\" content=\"summary_large_image\" \/>\n<meta name=\"twitter:label1\" content=\"Gesch\u00e4tzte Lesezeit\" \/>\n\t<meta name=\"twitter:data1\" content=\"3\u00a0Minuten\" \/>\n<script type=\"application\/ld+json\" class=\"yoast-schema-graph\">{\"@context\":\"https:\\\/\\\/schema.org\",\"@graph\":[{\"@type\":\"WebPage\",\"@id\":\"https:\\\/\\\/www.animan.com\\\/de\\\/publicite\\\/\",\"url\":\"https:\\\/\\\/www.animan.com\\\/de\\\/publicite\\\/\",\"name\":\"Werbung - Animan\",\"isPartOf\":{\"@id\":\"https:\\\/\\\/www.animan.com\\\/de\\\/#website\"},\"primaryImageOfPage\":{\"@id\":\"https:\\\/\\\/www.animan.com\\\/de\\\/publicite\\\/#primaryimage\"},\"image\":{\"@id\":\"https:\\\/\\\/www.animan.com\\\/de\\\/publicite\\\/#primaryimage\"},\"thumbnailUrl\":\"https:\\\/\\\/www.animan.com\\\/wp-content\\\/uploads\\\/2023\\\/10\\\/Design-sans-titre-1.png\",\"datePublished\":\"2022-05-11T06:37:15+00:00\",\"dateModified\":\"2026-04-23T10:32:30+00:00\",\"breadcrumb\":{\"@id\":\"https:\\\/\\\/www.animan.com\\\/de\\\/publicite\\\/#breadcrumb\"},\"inLanguage\":\"de\",\"potentialAction\":[{\"@type\":\"ReadAction\",\"target\":[\"https:\\\/\\\/www.animan.com\\\/de\\\/publicite\\\/\"]}]},{\"@type\":\"ImageObject\",\"inLanguage\":\"de\",\"@id\":\"https:\\\/\\\/www.animan.com\\\/de\\\/publicite\\\/#primaryimage\",\"url\":\"https:\\\/\\\/www.animan.com\\\/wp-content\\\/uploads\\\/2023\\\/10\\\/Design-sans-titre-1.png\",\"contentUrl\":\"https:\\\/\\\/www.animan.com\\\/wp-content\\\/uploads\\\/2023\\\/10\\\/Design-sans-titre-1.png\",\"width\":1920,\"height\":1080},{\"@type\":\"BreadcrumbList\",\"@id\":\"https:\\\/\\\/www.animan.com\\\/de\\\/publicite\\\/#breadcrumb\",\"itemListElement\":[{\"@type\":\"ListItem\",\"position\":1,\"name\":\"Accueil\",\"item\":\"https:\\\/\\\/www.animan.com\\\/de\\\/\"},{\"@type\":\"ListItem\",\"position\":2,\"name\":\"Werbung\"}]},{\"@type\":\"WebSite\",\"@id\":\"https:\\\/\\\/www.animan.com\\\/de\\\/#website\",\"url\":\"https:\\\/\\\/www.animan.com\\\/de\\\/\",\"name\":\"Animan\",\"description\":\"r\u00e9ver voyager pr\u00e9server\",\"potentialAction\":[{\"@type\":\"SearchAction\",\"target\":{\"@type\":\"EntryPoint\",\"urlTemplate\":\"https:\\\/\\\/www.animan.com\\\/de\\\/?s={search_term_string}\"},\"query-input\":{\"@type\":\"PropertyValueSpecification\",\"valueRequired\":true,\"valueName\":\"search_term_string\"}}],\"inLanguage\":\"de\"}]}<\/script>\n<!-- \/ Yoast SEO plugin. -->","yoast_head_json":{"title":"Werbung - Animan","robots":{"index":"index","follow":"follow","max-snippet":"max-snippet:-1","max-image-preview":"max-image-preview:large","max-video-preview":"max-video-preview:-1"},"canonical":"https:\/\/www.animan.com\/de\/publicite\/","og_locale":"de_DE","og_type":"article","og_title":"Werbung - Animan","og_description":"[vc_row][vc_column][vc_row_inner][vc_column_inner][vc_column_text css=&#8220;&#8220;] Werbung Ein Umfeld von h\u00f6chster Qualit\u00e4t [\/vc_column_text][\/vc_column_inner][\/vc_row_inner][vc_row_inner css=&#8220;.vc_custom_1638194719028{margin-top: 40px !important;}&#8220;][vc_column_inner width=&#8220;8\/12&#8243;][vc_column_text css=&#8220;&#8220;]Animan legt seinen Leserinnen und Lesern Themen vor, die mit den Sch\u00f6nheiten der Natur und deren Bewahrung in Resonanz stehen. Durch brillante Fotografien und inspirierende Reportagen bringt Ihnen unser Magazin ungeahnte Destinationen n\u00e4her, es evoziert den Duft ferner L\u00e4nder und macht unbekannte [&hellip;]","og_url":"https:\/\/www.animan.com\/de\/publicite\/","og_site_name":"Animan","article_publisher":"https:\/\/www.facebook.com\/magazineANIMAN","article_modified_time":"2026-04-23T10:32:30+00:00","og_image":[{"width":1024,"height":576,"url":"https:\/\/www.animan.com\/wp-content\/uploads\/2023\/10\/Design-sans-titre-1-1024x576.png","type":"image\/png"}],"twitter_card":"summary_large_image","twitter_misc":{"Gesch\u00e4tzte Lesezeit":"3\u00a0Minuten"},"schema":{"@context":"https:\/\/schema.org","@graph":[{"@type":"WebPage","@id":"https:\/\/www.animan.com\/de\/publicite\/","url":"https:\/\/www.animan.com\/de\/publicite\/","name":"Werbung - Animan","isPartOf":{"@id":"https:\/\/www.animan.com\/de\/#website"},"primaryImageOfPage":{"@id":"https:\/\/www.animan.com\/de\/publicite\/#primaryimage"},"image":{"@id":"https:\/\/www.animan.com\/de\/publicite\/#primaryimage"},"thumbnailUrl":"https:\/\/www.animan.com\/wp-content\/uploads\/2023\/10\/Design-sans-titre-1.png","datePublished":"2022-05-11T06:37:15+00:00","dateModified":"2026-04-23T10:32:30+00:00","breadcrumb":{"@id":"https:\/\/www.animan.com\/de\/publicite\/#breadcrumb"},"inLanguage":"de","potentialAction":[{"@type":"ReadAction","target":["https:\/\/www.animan.com\/de\/publicite\/"]}]},{"@type":"ImageObject","inLanguage":"de","@id":"https:\/\/www.animan.com\/de\/publicite\/#primaryimage","url":"https:\/\/www.animan.com\/wp-content\/uploads\/2023\/10\/Design-sans-titre-1.png","contentUrl":"https:\/\/www.animan.com\/wp-content\/uploads\/2023\/10\/Design-sans-titre-1.png","width":1920,"height":1080},{"@type":"BreadcrumbList","@id":"https:\/\/www.animan.com\/de\/publicite\/#breadcrumb","itemListElement":[{"@type":"ListItem","position":1,"name":"Accueil","item":"https:\/\/www.animan.com\/de\/"},{"@type":"ListItem","position":2,"name":"Werbung"}]},{"@type":"WebSite","@id":"https:\/\/www.animan.com\/de\/#website","url":"https:\/\/www.animan.com\/de\/","name":"Animan","description":"r\u00e9ver voyager pr\u00e9server","potentialAction":[{"@type":"SearchAction","target":{"@type":"EntryPoint","urlTemplate":"https:\/\/www.animan.com\/de\/?s={search_term_string}"},"query-input":{"@type":"PropertyValueSpecification","valueRequired":true,"valueName":"search_term_string"}}],"inLanguage":"de"}]}},"_links":{"self":[{"href":"https:\/\/www.animan.com\/de\/wp-json\/wp\/v2\/pages\/2263","targetHints":{"allow":["GET"]}}],"collection":[{"href":"https:\/\/www.animan.com\/de\/wp-json\/wp\/v2\/pages"}],"about":[{"href":"https:\/\/www.animan.com\/de\/wp-json\/wp\/v2\/types\/page"}],"author":[{"embeddable":true,"href":"https:\/\/www.animan.com\/de\/wp-json\/wp\/v2\/users\/1"}],"replies":[{"embeddable":true,"href":"https:\/\/www.animan.com\/de\/wp-json\/wp\/v2\/comments?post=2263"}],"version-history":[{"count":37,"href":"https:\/\/www.animan.com\/de\/wp-json\/wp\/v2\/pages\/2263\/revisions"}],"predecessor-version":[{"id":13715,"href":"https:\/\/www.animan.com\/de\/wp-json\/wp\/v2\/pages\/2263\/revisions\/13715"}],"wp:featuredmedia":[{"embeddable":true,"href":"https:\/\/www.animan.com\/de\/wp-json\/wp\/v2\/media\/8153"}],"wp:attachment":[{"href":"https:\/\/www.animan.com\/de\/wp-json\/wp\/v2\/media?parent=2263"}],"curies":[{"name":"wp","href":"https:\/\/api.w.org\/{rel}","templated":true}]}}