{"id":2253,"date":"2022-05-11T08:33:06","date_gmt":"2022-05-11T06:33:06","guid":{"rendered":"http:\/\/www.animan.com\/?page_id=2253"},"modified":"2022-05-24T14:29:52","modified_gmt":"2022-05-24T12:29:52","slug":"le-dernier-numero","status":"publish","type":"page","link":"https:\/\/www.animan.com\/de\/magazine\/le-dernier-numero\/","title":{"rendered":"die neueste Ausgabe"},"content":{"rendered":"<div class=\"wpb-content-wrapper\"><p>[vc_row full_width=&#8220;stretch_row_content&#8220; css=&#8220;.vc_custom_1637847841396{padding-top: 0px !important;padding-bottom: 0px !important;}&#8220;][vc_column]<div class='magazine-header' style='background-image: url(https:\/\/www.animan.com\/wp-content\/uploads\/2026\/04\/Header-A-la-une-252.jpg);'><\/div><div class='container'><div class='row vc_row'><div class='col-lg-12 text-center'><h2>Aktuelle Artikel<\/h2><div class='a-la-une-title text-center'>Inhaltsverzeichnis der Ausgabe 252 | April-Mai 2026<\/div><\/div><\/div><div class='row'><div class='magazine col-lg-4'><a href='https:\/\/www.animan.com\/de\/requiem-pour-pianos\/?r=1'><\/a><div class='image'><img src='https:\/\/www.animan.com\/wp-content\/uploads\/2026\/03\/252-Miniature-PORTFOLIO.jpg' \/><\/div><div class='infos'><div class='pays'>Portfolio<\/div><div class='title'>Requiem pour pianos<\/div><div class='resume'><p>Der franz\u00f6sische Fotograf und Pianist Romain Thiery bereist seit mehr als zehn Jahren die Welt auf der Suche nach verlassenen Klavieren. Die Instrumente, die er in verfallenen Schl\u00f6ssern, verlassenen Theatern oder vergessenen H\u00e4usern entdeckt, fotografiert er so, wie er sie vorfindet \u2013 ohne Inszenierung.<\/p>\n<\/div><\/div><\/div><div class='magazine col-lg-4'><a href='https:\/\/www.animan.com\/de\/in-der-hoelle-des-kawah-ijen\/?r=1'><\/a><div class='image'><img src='https:\/\/www.animan.com\/wp-content\/uploads\/2026\/03\/252-Miniature-05-INDONESIE.jpg' \/><\/div><div class='infos'><div class='pays'>Indonesien<\/div><div class='title'>In der H\u00f6lle des Kawah Ijen<\/div><div class='resume'><p>Jede Nacht bietet der Vulkan auf der Insel Java ein faszinierendes Schauspiel, wenn seltsame blaue Flammen \u00fcber den Schwefelquellen lodern. Doch hinter diesem surrealen Anblick verbirgt sich eine d\u00fcstere Realit\u00e4t. Umgeben von giftigen Gasen f\u00f6rdern Bergleute das gl\u00fchende Erz von Hand und verrichten einen der h\u00e4rtesten Jobs der Welt.<\/p>\n<\/div><\/div><\/div><div class='magazine col-lg-4'><a href='https:\/\/www.animan.com\/de\/die-schoenste-wueste-der-welt\/?r=1'><\/a><div class='image'><img src='https:\/\/www.animan.com\/wp-content\/uploads\/2026\/03\/252-Miniature-04-ALGERIE.jpg' \/><\/div><div class='infos'><div class='pays'>Algerien<\/div><div class='title'>Die sch\u00f6nste W\u00fcste der Welt<\/div><div class='resume'><p>Am Rande der Algerischen Sahara bilden die Hochebenen des Tassili n&#8217;Ajjer und die leuchtenden D\u00fcnen des Roten Tadrart eine der spektakul\u00e4rsten Felslandschaften der W\u00fcste. Vom<span class=\"Apple-converted-space\">\u00a0<\/span>Wind geformte Sandsteinb\u00f6gen, Felslabyrinthe und jahrtausendealte Felsmalereien zeugen von einer Zeit, in der<span class=\"Apple-converted-space\">\u00a0<\/span>die heute ausged\u00f6rrten Gebiete der Sahara noch von<span class=\"Apple-converted-space\">\u00a0<\/span>Mensch und Tier bev\u00f6lkert waren.<\/p>\n<\/div><\/div><\/div><div class='magazine col-lg-4'><a href='https:\/\/www.animan.com\/de\/die-neuen-schamanen\/?r=1'><\/a><div class='image'><img src='https:\/\/www.animan.com\/wp-content\/uploads\/2026\/03\/252-Miniature-03-MONGOLIE.jpg' \/><\/div><div class='infos'><div class='pays'>Mongolei<\/div><div class='title'>Die neuen Schamanen<\/div><div class='resume'><p>In der Mongolei f\u00fchrt die junge Generation eine der \u00e4ltesten spirituellen Traditionen Zentralasiens fort. Der unter dem<span class=\"Apple-converted-space\">\u00a0<\/span>sowjetischen Regime unterdr\u00fcckte Schamanismus \u00fcberlebte<span class=\"Apple-converted-space\">\u00a0<\/span>im Untergrund und erfuhr seit den 1990er-Jahren eine Renaissance. Einblicke in eine Welt, in der heiliges Erbe,<span class=\"Apple-converted-space\">\u00a0<\/span>neue \u00dcberlieferung, urbane Praktiken und Geister nebeneinander existieren.<span class=\"Apple-converted-space\">\u00a0<\/span><\/p>\n<\/div><\/div><\/div><div class='magazine col-lg-4'><a href='https:\/\/www.animan.com\/de\/okinawa-das-andere-hawaii\/?r=1'><\/a><div class='image'><img src='https:\/\/www.animan.com\/wp-content\/uploads\/2026\/03\/252-Miniature-01-JAPON.jpg' \/><\/div><div class='infos'><div class='pays'>Japan<\/div><div class='title'>Okinawa, das andere Hawaii<\/div><div class='resume'><p>Weisse Sandstr\u00e4nde, Korallenriffe und t\u00fcrkisfarbenes Wasser haben der Inselgruppe im S\u00fcden Japans den Beinamen \u00abdas<span class=\"Apple-converted-space\">\u00a0<\/span>neue Hawaii\u00bb eingebracht. Okinawa, das ehemalige unabh\u00e4ngige K\u00f6nigreich Ry\u016bky\u016b, das sp\u00e4ter von Tokio annektiert wurde,<span class=\"Apple-converted-space\">\u00a0<\/span>pflegt eine einzigartige Identit\u00e4t zwischen lebendiger Tradition, tropischer Sanftmut und einer Lebensart, die \u00e4usserst<span class=\"Apple-converted-space\">\u00a0<\/span>langlebige Bewohner hervorbringt.<\/p>\n<\/div><\/div><\/div><div class='magazine col-lg-4'><a href='https:\/\/www.animan.com\/de\/mit-den-gauchos-auf-wanderschaft\/?r=1'><\/a><div class='image'><img src='https:\/\/www.animan.com\/wp-content\/uploads\/2026\/03\/252-Miniature-02-CHILI.jpg' \/><\/div><div class='infos'><div class='pays'>Chile<\/div><div class='title'>Mit den Gauchos auf Wanderschaft<\/div><div class='resume'><p>Im \u00e4ussersten S\u00fcden des Landes treiben die letzten Gauchos der Region Magallanes ihre Herden noch immer zu Pferd durch die Weiten der patagonischen Steppe. Diese Transhumanz<span class=\"Apple-converted-space\">\u00a0<\/span>ist Ausdruck einer jahrhundertealten Lebensweise inmitten<span class=\"Apple-converted-space\">\u00a0<\/span>grandioser Landschaften aus Wind, Bergen und unendlichen<span class=\"Apple-converted-space\">\u00a0<\/span>Horizonten.<\/p>\n<\/div><\/div><\/div><\/div><div class='row vc_row'><div class='col-lg-12 text-center'><h2>Die folgenden Artikel k\u00f6nnten Ihnen gefallen<\/h2><div class='a-la-une-title text-center'>Entdecken Sie auch unsere Reportagen vergangener Ausgaben...<\/div><\/div><\/div><div class='row'><div class='magazine col-lg-4'><a href='https:\/\/www.animan.com\/de\/der-geist-von-pachamama\/?r=1'><\/a><div class='image'><img src='https:\/\/www.animan.com\/wp-content\/uploads\/2025\/05\/Miniature-BOLIVIE-247.jpg' \/><\/div><div class='infos'><div class='pays'>Bolivien<\/div><div class='title'>Der Geist von Pachamama<\/div><div class='resume'><p>In Bolivien pr\u00e4gt die Verehrung der Pachamama bis heute den Alltag. Vom Titicacasee bis zu den Ausl\u00e4ufern des Salar de Uyuni zeugen Rituale und Traditionen von einer uralten Verbundenheit zur Natur, die in der Verfassung unter dem Leitgedanken des Buen vivir verankert ist.<\/p>\n<\/div><\/div><\/div><div class='magazine col-lg-4'><a href='https:\/\/www.animan.com\/de\/les-gardiens-de-la-monnaie-coquillage\/?r=1'><\/a><div class='image'><img src='https:\/\/www.animan.com\/wp-content\/uploads\/2022\/01\/animan_224_papouasie_gardiens_monnaie_coquillage_claudio_sieber_miniature.jpg' \/><\/div><div class='infos'><div class='pays'>PAPUA-NEUGUINEA<\/div><div class='title'>Die H\u00fcter des Muschelgeldes<\/div><div class='resume'><p>Beim Volk der Tolai, in Papua-Neuguinea, ist Muschelgeld ein anerkanntes Tauschmittel f\u00fcr Nahrung, Prepaid-Guthaben und Ehefrauen.<\/p>\n<\/div><\/div><\/div><div class='magazine col-lg-4'><a href='https:\/\/www.animan.com\/de\/eine-strasse-gen-himmel\/?r=1'><\/a><div class='image'><img src='https:\/\/www.animan.com\/wp-content\/uploads\/2025\/05\/Miniature-TADJIKISTAN-247.jpg' \/><\/div><div class='infos'><div class='pays'>Tadschikistan<\/div><div class='title'>Eine Strasse gen Himmel<\/div><div class='resume'><p>Der \u00fcber 1200 km lange Pamir Highway verl\u00e4uft auf einem Teilst\u00fcck der ehemaligen sowjetischen Fernstrasse M41 zwischen Afghanistan und Kirgisistan. Auf oft unwegsamen<span class=\"Apple-converted-space\">\u00a0<\/span>Pisten f\u00fchrt die Hauptverkehrsachse zwischen Pamir und Hindukusch durch einige der entlegensten Gebiete der Erde. Ein grosses Abenteuer im Herzen Hochasiens.<\/p>\n<\/div><\/div><\/div><\/div><\/div>[\/vc_column][\/vc_row]<\/p>\n<\/div>","protected":false},"excerpt":{"rendered":"<p>[vc_row full_width=&#8220;stretch_row_content&#8220; css=&#8220;.vc_custom_1637847841396{padding-top: 0px !important;padding-bottom: 0px !important;}&#8220;][vc_column][\/vc_column][\/vc_row]<\/p>\n","protected":false},"author":1,"featured_media":0,"parent":2251,"menu_order":3,"comment_status":"closed","ping_status":"closed","template":"","meta":{"_acf_changed":false,"footnotes":""},"class_list":["post-2253","page","type-page","status-publish","hentry"],"acf":[],"yoast_head":"<!-- This site is optimized with the Yoast SEO plugin v26.8 - https:\/\/yoast.com\/product\/yoast-seo-wordpress\/ -->\n<title>die neueste Ausgabe - Animan<\/title>\n<meta name=\"robots\" content=\"index, follow, max-snippet:-1, max-image-preview:large, max-video-preview:-1\" \/>\n<link rel=\"canonical\" href=\"https:\/\/www.animan.com\/de\/magazine\/le-dernier-numero\/\" \/>\n<meta property=\"og:locale\" content=\"de_DE\" \/>\n<meta property=\"og:type\" content=\"article\" \/>\n<meta property=\"og:title\" content=\"die neueste Ausgabe - Animan\" \/>\n<meta property=\"og:description\" content=\"[vc_row full_width=&#8220;stretch_row_content&#8220; css=&#8220;.vc_custom_1637847841396{padding-top: 0px !important;padding-bottom: 0px !important;}&#8220;][vc_column][\/vc_column][\/vc_row]\" \/>\n<meta property=\"og:url\" content=\"https:\/\/www.animan.com\/de\/magazine\/le-dernier-numero\/\" \/>\n<meta property=\"og:site_name\" content=\"Animan\" \/>\n<meta property=\"article:publisher\" content=\"https:\/\/www.facebook.com\/magazineANIMAN\" \/>\n<meta property=\"article:modified_time\" content=\"2022-05-24T12:29:52+00:00\" \/>\n<meta name=\"twitter:card\" content=\"summary_large_image\" \/>\n<script type=\"application\/ld+json\" class=\"yoast-schema-graph\">{\"@context\":\"https:\/\/schema.org\",\"@graph\":[{\"@type\":\"WebPage\",\"@id\":\"https:\/\/www.animan.com\/de\/magazine\/le-dernier-numero\/\",\"url\":\"https:\/\/www.animan.com\/de\/magazine\/le-dernier-numero\/\",\"name\":\"die neueste Ausgabe - Animan\",\"isPartOf\":{\"@id\":\"https:\/\/www.animan.com\/de\/#website\"},\"datePublished\":\"2022-05-11T06:33:06+00:00\",\"dateModified\":\"2022-05-24T12:29:52+00:00\",\"breadcrumb\":{\"@id\":\"https:\/\/www.animan.com\/de\/magazine\/le-dernier-numero\/#breadcrumb\"},\"inLanguage\":\"de\",\"potentialAction\":[{\"@type\":\"ReadAction\",\"target\":[\"https:\/\/www.animan.com\/de\/magazine\/le-dernier-numero\/\"]}]},{\"@type\":\"BreadcrumbList\",\"@id\":\"https:\/\/www.animan.com\/de\/magazine\/le-dernier-numero\/#breadcrumb\",\"itemListElement\":[{\"@type\":\"ListItem\",\"position\":1,\"name\":\"Accueil\",\"item\":\"https:\/\/www.animan.com\/de\/\"},{\"@type\":\"ListItem\",\"position\":2,\"name\":\"Magazin\",\"item\":\"https:\/\/www.animan.com\/de\/magazine\/\"},{\"@type\":\"ListItem\",\"position\":3,\"name\":\"die neueste Ausgabe\"}]},{\"@type\":\"WebSite\",\"@id\":\"https:\/\/www.animan.com\/de\/#website\",\"url\":\"https:\/\/www.animan.com\/de\/\",\"name\":\"Animan\",\"description\":\"Animan, les beaut\u00e9s du mondes\",\"potentialAction\":[{\"@type\":\"SearchAction\",\"target\":{\"@type\":\"EntryPoint\",\"urlTemplate\":\"https:\/\/www.animan.com\/de\/?s={search_term_string}\"},\"query-input\":{\"@type\":\"PropertyValueSpecification\",\"valueRequired\":true,\"valueName\":\"search_term_string\"}}],\"inLanguage\":\"de\"}]}<\/script>\n<!-- \/ Yoast SEO plugin. -->","yoast_head_json":{"title":"die neueste Ausgabe - Animan","robots":{"index":"index","follow":"follow","max-snippet":"max-snippet:-1","max-image-preview":"max-image-preview:large","max-video-preview":"max-video-preview:-1"},"canonical":"https:\/\/www.animan.com\/de\/magazine\/le-dernier-numero\/","og_locale":"de_DE","og_type":"article","og_title":"die neueste Ausgabe - Animan","og_description":"[vc_row full_width=&#8220;stretch_row_content&#8220; css=&#8220;.vc_custom_1637847841396{padding-top: 0px !important;padding-bottom: 0px !important;}&#8220;][vc_column][\/vc_column][\/vc_row]","og_url":"https:\/\/www.animan.com\/de\/magazine\/le-dernier-numero\/","og_site_name":"Animan","article_publisher":"https:\/\/www.facebook.com\/magazineANIMAN","article_modified_time":"2022-05-24T12:29:52+00:00","twitter_card":"summary_large_image","schema":{"@context":"https:\/\/schema.org","@graph":[{"@type":"WebPage","@id":"https:\/\/www.animan.com\/de\/magazine\/le-dernier-numero\/","url":"https:\/\/www.animan.com\/de\/magazine\/le-dernier-numero\/","name":"die neueste Ausgabe - Animan","isPartOf":{"@id":"https:\/\/www.animan.com\/de\/#website"},"datePublished":"2022-05-11T06:33:06+00:00","dateModified":"2022-05-24T12:29:52+00:00","breadcrumb":{"@id":"https:\/\/www.animan.com\/de\/magazine\/le-dernier-numero\/#breadcrumb"},"inLanguage":"de","potentialAction":[{"@type":"ReadAction","target":["https:\/\/www.animan.com\/de\/magazine\/le-dernier-numero\/"]}]},{"@type":"BreadcrumbList","@id":"https:\/\/www.animan.com\/de\/magazine\/le-dernier-numero\/#breadcrumb","itemListElement":[{"@type":"ListItem","position":1,"name":"Accueil","item":"https:\/\/www.animan.com\/de\/"},{"@type":"ListItem","position":2,"name":"Magazin","item":"https:\/\/www.animan.com\/de\/magazine\/"},{"@type":"ListItem","position":3,"name":"die neueste Ausgabe"}]},{"@type":"WebSite","@id":"https:\/\/www.animan.com\/de\/#website","url":"https:\/\/www.animan.com\/de\/","name":"Animan","description":"Animan, les beaut\u00e9s du mondes","potentialAction":[{"@type":"SearchAction","target":{"@type":"EntryPoint","urlTemplate":"https:\/\/www.animan.com\/de\/?s={search_term_string}"},"query-input":{"@type":"PropertyValueSpecification","valueRequired":true,"valueName":"search_term_string"}}],"inLanguage":"de"}]}},"_links":{"self":[{"href":"https:\/\/www.animan.com\/de\/wp-json\/wp\/v2\/pages\/2253","targetHints":{"allow":["GET"]}}],"collection":[{"href":"https:\/\/www.animan.com\/de\/wp-json\/wp\/v2\/pages"}],"about":[{"href":"https:\/\/www.animan.com\/de\/wp-json\/wp\/v2\/types\/page"}],"author":[{"embeddable":true,"href":"https:\/\/www.animan.com\/de\/wp-json\/wp\/v2\/users\/1"}],"replies":[{"embeddable":true,"href":"https:\/\/www.animan.com\/de\/wp-json\/wp\/v2\/comments?post=2253"}],"version-history":[{"count":3,"href":"https:\/\/www.animan.com\/de\/wp-json\/wp\/v2\/pages\/2253\/revisions"}],"predecessor-version":[{"id":3298,"href":"https:\/\/www.animan.com\/de\/wp-json\/wp\/v2\/pages\/2253\/revisions\/3298"}],"up":[{"embeddable":true,"href":"https:\/\/www.animan.com\/de\/wp-json\/wp\/v2\/pages\/2251"}],"wp:attachment":[{"href":"https:\/\/www.animan.com\/de\/wp-json\/wp\/v2\/media?parent=2253"}],"curies":[{"name":"wp","href":"https:\/\/api.w.org\/{rel}","templated":true}]}}