{"id":2248,"date":"2022-05-10T16:44:09","date_gmt":"2022-05-10T14:44:09","guid":{"rendered":"http:\/\/www.animan.com\/?page_id=2248"},"modified":"2026-03-30T08:48:29","modified_gmt":"2026-03-30T06:48:29","slug":"startseite","status":"publish","type":"page","link":"https:\/\/www.animan.com\/de\/","title":{"rendered":"Startseite"},"content":{"rendered":"<div class=\"wpb-content-wrapper\"><p>[vc_row el_class=&#8220;slider-container&#8220;][vc_column][vc_single_image image=&#8220;13610&#8243; img_size=&#8220;full&#8220; alignment=&#8220;center&#8220; css=&#8220;&#8220;]<div class='slider'><div class='carousel-cell' style='background-image: url(https:\/\/www.animan.com\/wp-content\/uploads\/2026\/03\/Header-A-la-une-252-2.jpg)'><div class='container'><div class='row'><div class='offset-lg-2 col-lg-8'><div class='little'><\/div><div class='big'><\/div><div class='buttons'><a href='https:\/\/issuu.com\/animan-mag\/docs\/extraits_252_all?fr=sYjcyYTgzNzYxMTQ' class='button'>Entdecken Sie unsere neueste Ausgabe<\/a><\/div><\/div><\/div><\/div><\/div><div class='carousel-cell' style='background-image: url(https:\/\/www.animan.com\/wp-content\/uploads\/2024\/07\/AMeniconzi_China_Xiapu_0261tk.jpg)'><div class='container'><div class='row'><div class='offset-lg-2 col-lg-8'><div class='little'>Profitieren Sie jetzt von unseren verschiedenen Abo-Angeboten<\/div><div class='big'>Abonnieren Sie<\/div><div class='buttons'><a href='https:\/\/www.animan.com\/de\/categorie-produit\/abonnements-de\/' class='button'>Zu unseren Angeboten<\/a><\/div><\/div><\/div><\/div><\/div><div class='carousel-cell' style='background-image: url(https:\/\/www.animan.com\/wp-content\/uploads\/2022\/01\/animan_224_france_corse_intime_marie_paturel_hemis_slider_homepage.jpg)'><div class='container'><div class='row'><div class='offset-lg-2 col-lg-8'><div class='little'>Shop<\/div><div class='big'>Hier finden Sie unseren Online-Shop<\/div><div class='buttons'><a href='https:\/\/www.animan.com\/de\/page-boutique\/' class='button'>Besuchen Sie unseren Shop<\/a><\/div><\/div><\/div><\/div><\/div><div class='carousel-cell' style='background-image: url(https:\/\/www.animan.com\/wp-content\/uploads\/2022\/01\/animan_223_iran_reves_desert_franck_charton_slider_homepage.jpg)'><div class='container'><div class='row'><div class='offset-lg-2 col-lg-8'><div class='little'>Leserreisen <\/div><div class='big'>Entdecken Sie unsere Reiseangebote <\/div><div class='buttons'><a href='https:\/\/www.animan.com\/de\/voyages\/' class='button'>Weitere Infos<\/a><\/div><\/div><\/div><\/div><\/div><div class='carousel-cell' style='background-image: url(https:\/\/www.animan.com\/wp-content\/uploads\/2023\/10\/Design-sans-titre-2.png)'><div class='container'><div class='row'><div class='offset-lg-2 col-lg-8'><div class='little'>Werbung<\/div><div class='big'>Ein Umfeld von h\u00f6chster Qualit\u00e4t<\/div><div class='buttons'><a href='https:\/\/www.animan.com\/de\/publicite\/' class='button'>Werden Sie Inserent\/in <\/a><\/div><\/div><\/div><\/div><\/div><\/div>[\/vc_column][\/vc_row][vc_row][vc_column][vc_column_text]<\/p>\n<h2 style=\"text-align: center;\">Aktuelle Artikel<\/h2>\n<p>[\/vc_column_text]<div class='a-la-une-title text-center'>Ausgabe 252 | April-Mai 2026<\/div><div class='slider-a-la-une'><div class='carousel-cell'><a href='https:\/\/www.animan.com\/de\/requiem-pour-pianos\/?r=2'><\/a><a href='https:\/\/www.animan.com\/de\/requiem-pour-pianos\/?r=1'><\/a><div class='image'><img src='https:\/\/www.animan.com\/wp-content\/uploads\/2026\/03\/252-Miniature-PORTFOLIO.jpg' \/><\/div><div class='infos'><div class='pays'>Portfolio<\/div><div class='title'>Requiem pour pianos<\/div><div class='resume'><p>Der franz\u00f6sische Fotograf und Pianist Romain Thiery bereist seit mehr als zehn Jahren die Welt auf der Suche nach verlassenen Klavieren. Die Instrumente, die er in verfallenen Schl\u00f6ssern, verlassenen Theatern oder vergessenen H\u00e4usern entdeckt, fotografiert er so, wie er sie vorfindet \u2013 ohne Inszenierung.<\/p>\n<\/div><\/div><\/div><div class='carousel-cell'><a href='https:\/\/www.animan.com\/de\/in-der-hoelle-des-kawah-ijen\/?r=2'><\/a><a href='https:\/\/www.animan.com\/de\/in-der-hoelle-des-kawah-ijen\/?r=1'><\/a><div class='image'><img src='https:\/\/www.animan.com\/wp-content\/uploads\/2026\/03\/252-Miniature-05-INDONESIE.jpg' \/><\/div><div class='infos'><div class='pays'>Indonesien<\/div><div class='title'>In der H\u00f6lle des Kawah Ijen<\/div><div class='resume'><p>Jede Nacht bietet der Vulkan auf der Insel Java ein faszinierendes Schauspiel, wenn seltsame blaue Flammen \u00fcber den Schwefelquellen lodern. Doch hinter diesem surrealen Anblick verbirgt sich eine d\u00fcstere Realit\u00e4t. Umgeben von giftigen Gasen f\u00f6rdern Bergleute das gl\u00fchende Erz von Hand und verrichten einen der h\u00e4rtesten Jobs der Welt.<\/p>\n<\/div><\/div><\/div><div class='carousel-cell'><a href='https:\/\/www.animan.com\/de\/die-schoenste-wueste-der-welt\/?r=2'><\/a><a href='https:\/\/www.animan.com\/de\/die-schoenste-wueste-der-welt\/?r=1'><\/a><div class='image'><img src='https:\/\/www.animan.com\/wp-content\/uploads\/2026\/03\/252-Miniature-04-ALGERIE.jpg' \/><\/div><div class='infos'><div class='pays'>Algerien<\/div><div class='title'>Die sch\u00f6nste W\u00fcste der Welt<\/div><div class='resume'><p>Am Rande der Algerischen Sahara bilden die Hochebenen des Tassili n&#8217;Ajjer und die leuchtenden D\u00fcnen des Roten Tadrart eine der spektakul\u00e4rsten Felslandschaften der W\u00fcste. Vom<span class=\"Apple-converted-space\">\u00a0<\/span>Wind geformte Sandsteinb\u00f6gen, Felslabyrinthe und jahrtausendealte Felsmalereien zeugen von einer Zeit, in der<span class=\"Apple-converted-space\">\u00a0<\/span>die heute ausged\u00f6rrten Gebiete der Sahara noch von<span class=\"Apple-converted-space\">\u00a0<\/span>Mensch und Tier bev\u00f6lkert waren.<\/p>\n<\/div><\/div><\/div><div class='carousel-cell'><a href='https:\/\/www.animan.com\/de\/die-neuen-schamanen\/?r=2'><\/a><a href='https:\/\/www.animan.com\/de\/die-neuen-schamanen\/?r=1'><\/a><div class='image'><img src='https:\/\/www.animan.com\/wp-content\/uploads\/2026\/03\/252-Miniature-03-MONGOLIE.jpg' \/><\/div><div class='infos'><div class='pays'>Mongolei<\/div><div class='title'>Die neuen Schamanen<\/div><div class='resume'><p>In der Mongolei f\u00fchrt die junge Generation eine der \u00e4ltesten spirituellen Traditionen Zentralasiens fort. Der unter dem<span class=\"Apple-converted-space\">\u00a0<\/span>sowjetischen Regime unterdr\u00fcckte Schamanismus \u00fcberlebte<span class=\"Apple-converted-space\">\u00a0<\/span>im Untergrund und erfuhr seit den 1990er-Jahren eine Renaissance. Einblicke in eine Welt, in der heiliges Erbe,<span class=\"Apple-converted-space\">\u00a0<\/span>neue \u00dcberlieferung, urbane Praktiken und Geister nebeneinander existieren.<span class=\"Apple-converted-space\">\u00a0<\/span><\/p>\n<\/div><\/div><\/div><div class='carousel-cell'><a href='https:\/\/www.animan.com\/de\/okinawa-das-andere-hawaii\/?r=2'><\/a><a href='https:\/\/www.animan.com\/de\/okinawa-das-andere-hawaii\/?r=1'><\/a><div class='image'><img src='https:\/\/www.animan.com\/wp-content\/uploads\/2026\/03\/252-Miniature-01-JAPON.jpg' \/><\/div><div class='infos'><div class='pays'>Japan<\/div><div class='title'>Okinawa, das andere Hawaii<\/div><div class='resume'><p>Weisse Sandstr\u00e4nde, Korallenriffe und t\u00fcrkisfarbenes Wasser haben der Inselgruppe im S\u00fcden Japans den Beinamen \u00abdas<span class=\"Apple-converted-space\">\u00a0<\/span>neue Hawaii\u00bb eingebracht. Okinawa, das ehemalige unabh\u00e4ngige K\u00f6nigreich Ry\u016bky\u016b, das sp\u00e4ter von Tokio annektiert wurde,<span class=\"Apple-converted-space\">\u00a0<\/span>pflegt eine einzigartige Identit\u00e4t zwischen lebendiger Tradition, tropischer Sanftmut und einer Lebensart, die \u00e4usserst<span class=\"Apple-converted-space\">\u00a0<\/span>langlebige Bewohner hervorbringt.<\/p>\n<\/div><\/div><\/div><div class='carousel-cell'><a href='https:\/\/www.animan.com\/de\/mit-den-gauchos-auf-wanderschaft\/?r=2'><\/a><a href='https:\/\/www.animan.com\/de\/mit-den-gauchos-auf-wanderschaft\/?r=1'><\/a><div class='image'><img src='https:\/\/www.animan.com\/wp-content\/uploads\/2026\/03\/252-Miniature-02-CHILI.jpg' \/><\/div><div class='infos'><div class='pays'>Chile<\/div><div class='title'>Mit den Gauchos auf Wanderschaft<\/div><div class='resume'><p>Im \u00e4ussersten S\u00fcden des Landes treiben die letzten Gauchos der Region Magallanes ihre Herden noch immer zu Pferd durch die Weiten der patagonischen Steppe. Diese Transhumanz<span class=\"Apple-converted-space\">\u00a0<\/span>ist Ausdruck einer jahrhundertealten Lebensweise inmitten<span class=\"Apple-converted-space\">\u00a0<\/span>grandioser Landschaften aus Wind, Bergen und unendlichen<span class=\"Apple-converted-space\">\u00a0<\/span>Horizonten.<\/p>\n<\/div><\/div><\/div><\/div><div class='buttons text-center'><a href='https:\/\/www.animan.com\/de\/magazine\/le-dernier-numero\/' class='button'>Unsere Reportagen<\/a><\/div>[\/vc_column][\/vc_row][vc_row el_class=&#8220;magazines&#8220;][vc_column][vc_row_inner equal_height=&#8220;yes&#8220; content_placement=&#8220;middle&#8220;][vc_column_inner width=&#8220;1\/2&#8243;][vc_single_image image=&#8220;12839&#8243; img_size=&#8220;Full&#8220; css=&#8220;&#8220;][\/vc_column_inner][vc_column_inner width=&#8220;1\/2&#8243;][vc_column_text css=&#8220;&#8220;]<\/p>\n<h2 style=\"text-align: center;\">Entdecken Sie das Magazin<\/h2>\n<p style=\"text-align: center;\">Entdecken Sie exklusiv eine komplette<br \/>\nAusgabe des Magazins<\/p>\n<p style=\"text-align: center;\"><a class=\"button\" href=\"https:\/\/issuu.com\/animan-mag\/docs\/animan_juni-juli_2025_ff443e757ae694?fr=sNGI1ZDgzNzYxMTQ\" target=\"_blank\" rel=\"noopener\">Bl\u00e4ttern Sie in einer Ausgabe<\/a><\/p>\n<p>[\/vc_column_text][\/vc_column_inner][\/vc_row_inner][\/vc_column][\/vc_row][vc_row el_class=&#8220;grey&#8220; css=&#8220;.vc_custom_1637835291892{background-color: #f0f0f0 !important;}&#8220;][vc_column][vc_row_inner equal_height=&#8220;yes&#8220; content_placement=&#8220;middle&#8220;][vc_column_inner width=&#8220;3\/12&#8243;][\/vc_column_inner][vc_column_inner width=&#8220;6\/12&#8243;][vc_column_text css=&#8220;&#8220;]<\/p>\n<h2 style=\"text-align: center;\">SICHERN SIE SICH IHR ABO<\/h2>\n<p style=\"text-align: center;\">Praktischer und preiswerter:<br \/>\nLassen Sie sich die Print-Version von Animan<br \/>\nbequem nach Hause schicken.<\/p>\n<p style=\"text-align: center;\"><a class=\"button\" href=\"https:\/\/www.animan.com\/de\/shop-abonnements\/\">Sich abonnieren<\/a><\/p>\n<p>[\/vc_column_text][\/vc_column_inner][vc_column_inner width=&#8220;3\/12&#8243;][\/vc_column_inner][\/vc_row_inner][\/vc_column][\/vc_row][vc_row][vc_column][vc_column_text css=&#8220;&#8220;]<\/p>\n<h2 style=\"text-align: center;\">Die Animan-Reisen<\/h2>\n<p style=\"text-align: center;\">Entdecken Sie unsere Leserreisen<\/p>\n<p>[\/vc_column_text]<div class='row a-la-une'><\/div><div class='buttons text-center'><a href='\/voyages' class='button'>Unsere Reisen<\/a><\/div>[\/vc_column][\/vc_row]<\/p>\n<\/div>","protected":false},"excerpt":{"rendered":"<p>[vc_row el_class=&#8220;slider-container&#8220;][vc_column][vc_single_image image=&#8220;13610&#8243; img_size=&#8220;full&#8220; alignment=&#8220;center&#8220; css=&#8220;&#8220;][\/vc_column][\/vc_row][vc_row][vc_column][vc_column_text] Aktuelle Artikel [\/vc_column_text][\/vc_column][\/vc_row][vc_row el_class=&#8220;magazines&#8220;][vc_column][vc_row_inner equal_height=&#8220;yes&#8220; content_placement=&#8220;middle&#8220;][vc_column_inner width=&#8220;1\/2&#8243;][vc_single_image image=&#8220;12839&#8243; img_size=&#8220;Full&#8220; css=&#8220;&#8220;][\/vc_column_inner][vc_column_inner width=&#8220;1\/2&#8243;][vc_column_text css=&#8220;&#8220;] Entdecken Sie das Magazin Entdecken Sie exklusiv eine komplette Ausgabe des Magazins Bl\u00e4ttern Sie in einer Ausgabe [\/vc_column_text][\/vc_column_inner][\/vc_row_inner][\/vc_column][\/vc_row][vc_row el_class=&#8220;grey&#8220; css=&#8220;.vc_custom_1637835291892{background-color: #f0f0f0 !important;}&#8220;][vc_column][vc_row_inner equal_height=&#8220;yes&#8220; content_placement=&#8220;middle&#8220;][vc_column_inner width=&#8220;3\/12&#8243;][\/vc_column_inner][vc_column_inner width=&#8220;6\/12&#8243;][vc_column_text css=&#8220;&#8220;] SICHERN SIE SICH IHR ABO Praktischer und preiswerter: Lassen Sie [&hellip;]<\/p>\n","protected":false},"author":1,"featured_media":0,"parent":0,"menu_order":3,"comment_status":"closed","ping_status":"closed","template":"","meta":{"_acf_changed":false,"footnotes":""},"class_list":["post-2248","page","type-page","status-publish","hentry"],"acf":[],"yoast_head":"<!-- This site is optimized with the Yoast SEO plugin v26.8 - https:\/\/yoast.com\/product\/yoast-seo-wordpress\/ -->\n<title>Startseite - Animan<\/title>\n<meta name=\"robots\" content=\"index, follow, max-snippet:-1, max-image-preview:large, max-video-preview:-1\" \/>\n<link rel=\"canonical\" href=\"https:\/\/www.animan.com\/de\/\" \/>\n<meta property=\"og:locale\" content=\"de_DE\" \/>\n<meta property=\"og:type\" content=\"article\" \/>\n<meta property=\"og:title\" content=\"Startseite - Animan\" \/>\n<meta property=\"og:description\" content=\"[vc_row el_class=&#8220;slider-container&#8220;][vc_column][vc_single_image image=&#8220;13610&#8243; img_size=&#8220;full&#8220; alignment=&#8220;center&#8220; css=&#8220;&#8220;][\/vc_column][\/vc_row][vc_row][vc_column][vc_column_text] Aktuelle Artikel [\/vc_column_text][\/vc_column][\/vc_row][vc_row el_class=&#8220;magazines&#8220;][vc_column][vc_row_inner equal_height=&#8220;yes&#8220; content_placement=&#8220;middle&#8220;][vc_column_inner width=&#8220;1\/2&#8243;][vc_single_image image=&#8220;12839&#8243; img_size=&#8220;Full&#8220; css=&#8220;&#8220;][\/vc_column_inner][vc_column_inner width=&#8220;1\/2&#8243;][vc_column_text css=&#8220;&#8220;] Entdecken Sie das Magazin Entdecken Sie exklusiv eine komplette Ausgabe des Magazins Bl\u00e4ttern Sie in einer Ausgabe [\/vc_column_text][\/vc_column_inner][\/vc_row_inner][\/vc_column][\/vc_row][vc_row el_class=&#8220;grey&#8220; css=&#8220;.vc_custom_1637835291892{background-color: #f0f0f0 !important;}&#8220;][vc_column][vc_row_inner equal_height=&#8220;yes&#8220; content_placement=&#8220;middle&#8220;][vc_column_inner width=&#8220;3\/12&#8243;][\/vc_column_inner][vc_column_inner width=&#8220;6\/12&#8243;][vc_column_text css=&#8220;&#8220;] SICHERN SIE SICH IHR ABO Praktischer und preiswerter: Lassen Sie [&hellip;]\" \/>\n<meta property=\"og:url\" content=\"https:\/\/www.animan.com\/de\/\" \/>\n<meta property=\"og:site_name\" content=\"Animan\" \/>\n<meta property=\"article:publisher\" content=\"https:\/\/www.facebook.com\/magazineANIMAN\" \/>\n<meta property=\"article:modified_time\" content=\"2026-03-30T06:48:29+00:00\" \/>\n<meta name=\"twitter:card\" content=\"summary_large_image\" \/>\n<meta name=\"twitter:label1\" content=\"Gesch\u00e4tzte Lesezeit\" \/>\n\t<meta name=\"twitter:data1\" content=\"1\u00a0Minute\" \/>\n<script type=\"application\/ld+json\" class=\"yoast-schema-graph\">{\"@context\":\"https:\/\/schema.org\",\"@graph\":[{\"@type\":\"WebPage\",\"@id\":\"https:\/\/www.animan.com\/de\/\",\"url\":\"https:\/\/www.animan.com\/de\/\",\"name\":\"Startseite - Animan\",\"isPartOf\":{\"@id\":\"https:\/\/www.animan.com\/de\/#website\"},\"datePublished\":\"2022-05-10T14:44:09+00:00\",\"dateModified\":\"2026-03-30T06:48:29+00:00\",\"breadcrumb\":{\"@id\":\"https:\/\/www.animan.com\/de\/#breadcrumb\"},\"inLanguage\":\"de\",\"potentialAction\":[{\"@type\":\"ReadAction\",\"target\":[\"https:\/\/www.animan.com\/de\/\"]}]},{\"@type\":\"BreadcrumbList\",\"@id\":\"https:\/\/www.animan.com\/de\/#breadcrumb\",\"itemListElement\":[{\"@type\":\"ListItem\",\"position\":1,\"name\":\"Accueil\",\"item\":\"https:\/\/www.animan.com\/de\/\"},{\"@type\":\"ListItem\",\"position\":2,\"name\":\"Startseite\"}]},{\"@type\":\"WebSite\",\"@id\":\"https:\/\/www.animan.com\/de\/#website\",\"url\":\"https:\/\/www.animan.com\/de\/\",\"name\":\"Animan\",\"description\":\"Animan, les beaut\u00e9s du mondes\",\"potentialAction\":[{\"@type\":\"SearchAction\",\"target\":{\"@type\":\"EntryPoint\",\"urlTemplate\":\"https:\/\/www.animan.com\/de\/?s={search_term_string}\"},\"query-input\":{\"@type\":\"PropertyValueSpecification\",\"valueRequired\":true,\"valueName\":\"search_term_string\"}}],\"inLanguage\":\"de\"}]}<\/script>\n<!-- \/ Yoast SEO plugin. -->","yoast_head_json":{"title":"Startseite - Animan","robots":{"index":"index","follow":"follow","max-snippet":"max-snippet:-1","max-image-preview":"max-image-preview:large","max-video-preview":"max-video-preview:-1"},"canonical":"https:\/\/www.animan.com\/de\/","og_locale":"de_DE","og_type":"article","og_title":"Startseite - Animan","og_description":"[vc_row el_class=&#8220;slider-container&#8220;][vc_column][vc_single_image image=&#8220;13610&#8243; img_size=&#8220;full&#8220; alignment=&#8220;center&#8220; css=&#8220;&#8220;][\/vc_column][\/vc_row][vc_row][vc_column][vc_column_text] Aktuelle Artikel [\/vc_column_text][\/vc_column][\/vc_row][vc_row el_class=&#8220;magazines&#8220;][vc_column][vc_row_inner equal_height=&#8220;yes&#8220; content_placement=&#8220;middle&#8220;][vc_column_inner width=&#8220;1\/2&#8243;][vc_single_image image=&#8220;12839&#8243; img_size=&#8220;Full&#8220; css=&#8220;&#8220;][\/vc_column_inner][vc_column_inner width=&#8220;1\/2&#8243;][vc_column_text css=&#8220;&#8220;] Entdecken Sie das Magazin Entdecken Sie exklusiv eine komplette Ausgabe des Magazins Bl\u00e4ttern Sie in einer Ausgabe [\/vc_column_text][\/vc_column_inner][\/vc_row_inner][\/vc_column][\/vc_row][vc_row el_class=&#8220;grey&#8220; css=&#8220;.vc_custom_1637835291892{background-color: #f0f0f0 !important;}&#8220;][vc_column][vc_row_inner equal_height=&#8220;yes&#8220; content_placement=&#8220;middle&#8220;][vc_column_inner width=&#8220;3\/12&#8243;][\/vc_column_inner][vc_column_inner width=&#8220;6\/12&#8243;][vc_column_text css=&#8220;&#8220;] SICHERN SIE SICH IHR ABO Praktischer und preiswerter: Lassen Sie [&hellip;]","og_url":"https:\/\/www.animan.com\/de\/","og_site_name":"Animan","article_publisher":"https:\/\/www.facebook.com\/magazineANIMAN","article_modified_time":"2026-03-30T06:48:29+00:00","twitter_card":"summary_large_image","twitter_misc":{"Gesch\u00e4tzte Lesezeit":"1\u00a0Minute"},"schema":{"@context":"https:\/\/schema.org","@graph":[{"@type":"WebPage","@id":"https:\/\/www.animan.com\/de\/","url":"https:\/\/www.animan.com\/de\/","name":"Startseite - Animan","isPartOf":{"@id":"https:\/\/www.animan.com\/de\/#website"},"datePublished":"2022-05-10T14:44:09+00:00","dateModified":"2026-03-30T06:48:29+00:00","breadcrumb":{"@id":"https:\/\/www.animan.com\/de\/#breadcrumb"},"inLanguage":"de","potentialAction":[{"@type":"ReadAction","target":["https:\/\/www.animan.com\/de\/"]}]},{"@type":"BreadcrumbList","@id":"https:\/\/www.animan.com\/de\/#breadcrumb","itemListElement":[{"@type":"ListItem","position":1,"name":"Accueil","item":"https:\/\/www.animan.com\/de\/"},{"@type":"ListItem","position":2,"name":"Startseite"}]},{"@type":"WebSite","@id":"https:\/\/www.animan.com\/de\/#website","url":"https:\/\/www.animan.com\/de\/","name":"Animan","description":"Animan, les beaut\u00e9s du mondes","potentialAction":[{"@type":"SearchAction","target":{"@type":"EntryPoint","urlTemplate":"https:\/\/www.animan.com\/de\/?s={search_term_string}"},"query-input":{"@type":"PropertyValueSpecification","valueRequired":true,"valueName":"search_term_string"}}],"inLanguage":"de"}]}},"_links":{"self":[{"href":"https:\/\/www.animan.com\/de\/wp-json\/wp\/v2\/pages\/2248","targetHints":{"allow":["GET"]}}],"collection":[{"href":"https:\/\/www.animan.com\/de\/wp-json\/wp\/v2\/pages"}],"about":[{"href":"https:\/\/www.animan.com\/de\/wp-json\/wp\/v2\/types\/page"}],"author":[{"embeddable":true,"href":"https:\/\/www.animan.com\/de\/wp-json\/wp\/v2\/users\/1"}],"replies":[{"embeddable":true,"href":"https:\/\/www.animan.com\/de\/wp-json\/wp\/v2\/comments?post=2248"}],"version-history":[{"count":83,"href":"https:\/\/www.animan.com\/de\/wp-json\/wp\/v2\/pages\/2248\/revisions"}],"predecessor-version":[{"id":13624,"href":"https:\/\/www.animan.com\/de\/wp-json\/wp\/v2\/pages\/2248\/revisions\/13624"}],"wp:attachment":[{"href":"https:\/\/www.animan.com\/de\/wp-json\/wp\/v2\/media?parent=2248"}],"curies":[{"name":"wp","href":"https:\/\/api.w.org\/{rel}","templated":true}]}}